{"id":246,"date":"2020-12-01T06:29:41","date_gmt":"2020-12-01T06:29:41","guid":{"rendered":"https:\/\/soyluhangruop.com\/?page_id=246"},"modified":"2020-12-06T13:04:57","modified_gmt":"2020-12-06T13:04:57","slug":"yabanci-uyruklu-sigortasi","status":"publish","type":"page","link":"http:\/\/egekorfez.com.tr\/?page_id=246","title":{"rendered":"Yabanc\u0131lar i\u00e7in Sa\u011fl\u0131k Sigortas\u0131"},"content":{"rendered":"\t\t<div data-elementor-type=\"wp-page\" data-elementor-id=\"246\" class=\"elementor elementor-246\" data-elementor-settings=\"[]\">\n\t\t\t\t\t\t<div class=\"elementor-inner\">\n\t\t\t\t\t\t\t<div class=\"elementor-section-wrap\">\n\t\t\t\t\t\t\t<section class=\"elementor-section elementor-top-section elementor-element elementor-element-006a7ea elementor-section-boxed elementor-section-height-default elementor-section-height-default\" data-id=\"006a7ea\" data-element_type=\"section\">\n\t\t\t\t\t\t<div class=\"elementor-container elementor-column-gap-default\">\n\t\t\t\t\t\t\t<div class=\"elementor-row\">\n\t\t\t\t\t<div class=\"elementor-column elementor-col-100 elementor-top-column elementor-element elementor-element-260a699\" data-id=\"260a699\" data-element_type=\"column\">\n\t\t\t<div class=\"elementor-column-wrap elementor-element-populated\">\n\t\t\t\t\t\t\t<div class=\"elementor-widget-wrap\">\n\t\t\t\t\t\t<div class=\"elementor-element elementor-element-7e1f18b elementor-widget elementor-widget-text-editor\" data-id=\"7e1f18b\" data-element_type=\"widget\" data-widget_type=\"text-editor.default\">\n\t\t\t\t<div class=\"elementor-widget-container\">\n\t\t\t\t\t<div class=\"elementor-text-editor elementor-clearfix\"><p>Yabanc\u0131lar i\u00e7in Sa\u011fl\u0131k Sigortas\u0131<\/p><\/div>\n\t\t\t\t<\/div>\n\t\t\t\t<\/div>\n\t\t\t\t\t\t<\/div>\n\t\t\t\t\t<\/div>\n\t\t<\/div>\n\t\t\t\t\t\t\t\t<\/div>\n\t\t\t\t\t<\/div>\n\t\t<\/section>\n\t\t\t\t\t\t<\/div>\n\t\t\t\t\t\t<\/div>\n\t\t\t\t\t<\/div>\n\t\t","protected":false},"excerpt":{"rendered":"<p>Yabanc\u0131lar i\u00e7in Sa\u011fl\u0131k Sigortas\u0131<\/p>\n","protected":false},"author":1,"featured_media":0,"parent":0,"menu_order":0,"comment_status":"closed","ping_status":"closed","template":"elementor_header_footer","meta":[],"_links":{"self":[{"href":"http:\/\/egekorfez.com.tr\/index.php?rest_route=\/wp\/v2\/pages\/246"}],"collection":[{"href":"http:\/\/egekorfez.com.tr\/index.php?rest_route=\/wp\/v2\/pages"}],"about":[{"href":"http:\/\/egekorfez.com.tr\/index.php?rest_route=\/wp\/v2\/types\/page"}],"author":[{"embeddable":true,"href":"http:\/\/egekorfez.com.tr\/index.php?rest_route=\/wp\/v2\/users\/1"}],"replies":[{"embeddable":true,"href":"http:\/\/egekorfez.com.tr\/index.php?rest_route=%2Fwp%2Fv2%2Fcomments&post=246"}],"version-history":[{"count":10,"href":"http:\/\/egekorfez.com.tr\/index.php?rest_route=\/wp\/v2\/pages\/246\/revisions"}],"predecessor-version":[{"id":402,"href":"http:\/\/egekorfez.com.tr\/index.php?rest_route=\/wp\/v2\/pages\/246\/revisions\/402"}],"wp:attachment":[{"href":"http:\/\/egekorfez.com.tr\/index.php?rest_route=%2Fwp%2Fv2%2Fmedia&parent=246"}],"curies":[{"name":"wp","href":"https:\/\/api.w.org\/{rel}","templated":true}]}}