{"id":231,"date":"2020-12-01T06:24:17","date_gmt":"2020-12-01T06:24:17","guid":{"rendered":"https:\/\/soyluhangruop.com\/?page_id=231"},"modified":"2020-12-01T18:26:56","modified_gmt":"2020-12-01T18:26:56","slug":"kredili-hayat-sigortasi","status":"publish","type":"page","link":"http:\/\/egekorfez.com.tr\/?page_id=231","title":{"rendered":"Kredili Hayat Sigortas\u0131"},"content":{"rendered":"\t\t<div data-elementor-type=\"wp-page\" data-elementor-id=\"231\" class=\"elementor elementor-231\" data-elementor-settings=\"[]\">\n\t\t\t\t\t\t<div class=\"elementor-inner\">\n\t\t\t\t\t\t\t<div class=\"elementor-section-wrap\">\n\t\t\t\t\t\t\t<section class=\"elementor-section elementor-top-section elementor-element elementor-element-afb32a5 elementor-section-boxed elementor-section-height-default elementor-section-height-default\" data-id=\"afb32a5\" data-element_type=\"section\">\n\t\t\t\t\t\t<div class=\"elementor-container elementor-column-gap-default\">\n\t\t\t\t\t\t\t<div class=\"elementor-row\">\n\t\t\t\t\t<div class=\"elementor-column elementor-col-100 elementor-top-column elementor-element elementor-element-d89bb96\" data-id=\"d89bb96\" data-element_type=\"column\">\n\t\t\t<div class=\"elementor-column-wrap elementor-element-populated\">\n\t\t\t\t\t\t\t<div class=\"elementor-widget-wrap\">\n\t\t\t\t\t\t<div class=\"elementor-element elementor-element-f3f27d0 elementor-widget elementor-widget-text-editor\" data-id=\"f3f27d0\" data-element_type=\"widget\" data-widget_type=\"text-editor.default\">\n\t\t\t\t<div class=\"elementor-widget-container\">\n\t\t\t\t\t<div class=\"elementor-text-editor elementor-clearfix\"><p><strong>KRED\u0130 BORCUNUZ SEVD\u0130KLER\u0130N\u0130ZE KALMASIN&#8230;<\/strong><\/p><p>Kredi Hayat ile kredi borcunuzu sigortalay\u0131n, sevdiklerinizi y\u00fck alt\u0131nda b\u0131rakmay\u0131n.<\/p><\/div>\n\t\t\t\t<\/div>\n\t\t\t\t<\/div>\n\t\t\t\t\t\t<\/div>\n\t\t\t\t\t<\/div>\n\t\t<\/div>\n\t\t\t\t\t\t\t\t<\/div>\n\t\t\t\t\t<\/div>\n\t\t<\/section>\n\t\t\t\t<section class=\"elementor-section elementor-top-section elementor-element elementor-element-6fbe728 elementor-section-boxed elementor-section-height-default elementor-section-height-default\" data-id=\"6fbe728\" data-element_type=\"section\">\n\t\t\t\t\t\t<div class=\"elementor-container elementor-column-gap-default\">\n\t\t\t\t\t\t\t<div class=\"elementor-row\">\n\t\t\t\t\t<div class=\"elementor-column elementor-col-100 elementor-top-column elementor-element elementor-element-ac33d66\" data-id=\"ac33d66\" data-element_type=\"column\">\n\t\t\t<div class=\"elementor-column-wrap elementor-element-populated\">\n\t\t\t\t\t\t\t<div class=\"elementor-widget-wrap\">\n\t\t\t\t\t\t<div class=\"elementor-element elementor-element-e8298a5 elementor-align-center elementor-widget elementor-widget-button\" data-id=\"e8298a5\" data-element_type=\"widget\" data-widget_type=\"button.default\">\n\t\t\t\t<div class=\"elementor-widget-container\">\n\t\t\t\t\t<div class=\"elementor-button-wrapper\">\n\t\t\t<a href=\"https:\/\/test6.aegondirekt.com.tr\/kredi-hayat-sigortasi-teklifi\/sayfalar\/indirimli-kredi\/kredihayat?rf=20220135&#038;fbclid=IwAR0A0pXQCEQyA8pcA4jNpP3KcLhyge8Auzngnb8v-hOiAcKlxzrDxFiXggQ\" target=\"_blank\" class=\"elementor-button-link elementor-button elementor-size-lg\" role=\"button\">\n\t\t\t\t\t\t<span class=\"elementor-button-content-wrapper\">\n\t\t\t\t\t\t<span class=\"elementor-button-text\">Online Teklif Al<\/span>\n\t\t<\/span>\n\t\t\t\t\t<\/a>\n\t\t<\/div>\n\t\t\t\t<\/div>\n\t\t\t\t<\/div>\n\t\t\t\t\t\t<\/div>\n\t\t\t\t\t<\/div>\n\t\t<\/div>\n\t\t\t\t\t\t\t\t<\/div>\n\t\t\t\t\t<\/div>\n\t\t<\/section>\n\t\t\t\t<section class=\"elementor-section elementor-top-section elementor-element elementor-element-c4d6f6d elementor-section-boxed elementor-section-height-default elementor-section-height-default\" data-id=\"c4d6f6d\" data-element_type=\"section\">\n\t\t\t\t\t\t<div class=\"elementor-container elementor-column-gap-default\">\n\t\t\t\t\t\t\t<div class=\"elementor-row\">\n\t\t\t\t\t<div class=\"elementor-column elementor-col-100 elementor-top-column elementor-element elementor-element-4953d20\" data-id=\"4953d20\" data-element_type=\"column\">\n\t\t\t<div class=\"elementor-column-wrap elementor-element-populated\">\n\t\t\t\t\t\t\t<div class=\"elementor-widget-wrap\">\n\t\t\t\t\t\t<div class=\"elementor-element elementor-element-781c95e elementor-widget elementor-widget-heading\" data-id=\"781c95e\" data-element_type=\"widget\" data-widget_type=\"heading.default\">\n\t\t\t\t<div class=\"elementor-widget-container\">\n\t\t\t<h2 class=\"elementor-heading-title elementor-size-default\"><p style=\"color: rgb(0, 0, 0); font-size: 16px; font-weight: 400; text-align: justify; white-space: normal;\"><span style=\"font-weight: 700;\">Neden \"Kredi Hayat\" Sigortas\u0131 Almal\u0131s\u0131n\u0131z?<\/span><\/p><p style=\"color: rgb(0, 0, 0); font-size: 16px; font-weight: 400; text-align: justify; white-space: normal;\">\"Kredi Hayat\", bankam\u0131zdan kredi kullanan m\u00fc\u015fterilerimizin beklenmedik bir ya\u015fam kayb\u0131 veya kaza sonucu malul kal\u0131nmas\u0131 ile i\u015fini kaybetme riskinin ger\u00e7ekle\u015fmesi yada \u00e7al\u0131\u015fma \u015feklinize g\u00f6re hastanede yat\u0131lmas\u0131 durumunda;<\/p><p style=\"color: rgb(0, 0, 0); font-size: 16px; font-weight: 400; text-align: justify; white-space: normal;\">Bankaya kalan kredi borcunun sigorta \u015firketi taraf\u0131ndan kapat\u0131lmas\u0131n\u0131 ama\u00e7layan hayat sigortas\u0131d\u0131r.<\/p><p style=\"color: rgb(0, 0, 0); font-size: 16px; font-weight: 400; text-align: justify; white-space: normal;\">Bu nedenle kendiniz ve sevdikleriniz i\u00e7in kurmak istedi\u011finiz d\u00fczenin beklenmedik olaylar ile bozulmamas\u0131n\u0131 istiyorsan\u0131z bu \u00fcr\u00fcn\u00fc krediniz ile beraber al\u0131p gelece\u011fe g\u00fcvenle bakabilirsiniz.<\/p><p style=\"color: rgb(0, 0, 0); font-size: 16px; font-weight: 400; text-align: justify; white-space: normal;\"><span style=\"font-weight: 700;\">\"Kredi Hayat\" Sigortas\u0131n\u0131n S\u00fcresi Ne Kadard\u0131r?<\/span><\/p><p style=\"color: rgb(0, 0, 0); font-size: 16px; font-weight: 400; text-align: justify; white-space: normal;\">Sigorta s\u00fcresi, kullan\u0131lan kredi s\u00fcresine g\u00f6re belirlenir. En az 1, en \u00e7ok 20 y\u0131l olabilir.<\/p><p style=\"color: rgb(0, 0, 0); font-size: 16px; font-weight: 400; text-align: justify; white-space: normal;\"><span style=\"font-weight: 700;\">\"Kredi Hayat\" Sigortas\u0131n\u0131n Sa\u011flad\u0131\u011f\u0131 Teminatlar Nelerdir?<\/span><\/p><p style=\"color: rgb(0, 0, 0); font-size: 16px; font-weight: 400; text-align: justify; white-space: normal;\"><span style=\"font-weight: 700;\">Vefat Teminat\u0131:<\/span><\/p><p style=\"color: rgb(0, 0, 0); font-size: 16px; font-weight: 400; text-align: justify; white-space: normal;\">Sigortal\u0131n\u0131n vefat\u0131 durumunda kredi borcu kapand\u0131ktan sonra geriye kalan sigorta tazminat bedeli poli\u00e7ede belirtilen hak sahiplerine \u00f6denir.<\/p><p style=\"color: rgb(0, 0, 0); font-size: 16px; font-weight: 400; text-align: justify; white-space: normal;\"><span style=\"font-weight: 700;\">Kaza Sonucu Maluliyet Teminat\u0131:<\/span><\/p><p style=\"color: rgb(0, 0, 0); font-size: 16px; font-weight: 400; text-align: justify; white-space: normal;\">Sigortal\u0131n\u0131n sigorta s\u00fcresi i\u00e7inde ge\u00e7irmi\u015f oldu\u011fu bir kaza sonucu derhal veya kaza tarihinden itibaren iki sene i\u00e7erisinde daimi olarak malul kalmas\u0131 halinde kendisine Ferdi Kaza Sigortalar\u0131 Genel \u015eartlar\u0131'nda belirtilen maluliyet oranlar\u0131 cetveline g\u00f6re daimi maluliyet tazminat\u0131 \u00f6denir.<\/p><p style=\"color: rgb(0, 0, 0); font-size: 16px; font-weight: 400; text-align: justify; white-space: normal;\"><span style=\"font-weight: 700;\">Kaza Sonucu Tedavi Masraflar\u0131 Teminat\u0131 (\u0130ste\u011fe Ba\u011fl\u0131):<\/span><\/p><p style=\"color: rgb(0, 0, 0); font-size: 16px; font-weight: 400; text-align: justify; white-space: normal;\">Kaza sonucu tedavi masraflar\u0131 yap\u0131lmas\u0131 durumunda yap\u0131lan masraflar fatura kar\u015f\u0131l\u0131\u011f\u0131nda teminat tutar\u0131 ile s\u0131n\u0131rl\u0131 olmak \u00fczere Ferdi kaza genel \u015fartlar\u0131 kapsam\u0131nda \u00f6denir.<\/p><p style=\"color: rgb(0, 0, 0); font-size: 16px; font-weight: 400; text-align: justify; white-space: normal;\"><span style=\"font-weight: 700;\">\u0130stem D\u0131\u015f\u0131 \u0130\u015fsizlik \/ G\u00fcndelik Hastane Teminat\u0131:<\/span><\/p><p style=\"color: rgb(0, 0, 0); font-size: 16px; font-weight: 400; text-align: justify; white-space: normal;\">Bordrolu, \u00f6zel sekt\u00f6r \u00e7al\u0131\u015fanlar\u0131 i\u00e7in i\u015fsiz kalma durumunda, her bir sigorta y\u0131l\u0131nda maksimum 6 veya 12 ay (kredi s\u00fcresi 2 y\u0131ldan az ise 6 di\u011ferlerinde 12 defa \u00f6deme yap\u0131l\u0131r) olmak \u00fczere, i\u015fsizlik durumu sona erene kadar ayl\u0131k olarak belirlenen teminat \u00f6demesi ger\u00e7ekle\u015ftirilir. Toplam sigorta s\u00fcresi i\u00e7inde kredi s\u00fcresi boyunca azami 18 kez \u00f6deme yap\u0131labilir.<\/p><p style=\"color: rgb(0, 0, 0); font-size: 16px; font-weight: 400; text-align: justify; white-space: normal;\">\u0130\u015fsizlik tazminat\u0131 i\u00e7in sigorta ba\u015flang\u0131\u00e7 tarihinden itibaren 90 g\u00fcn \u00e7al\u0131\u015fm\u0131\u015f olma, i\u015fsiz kal\u0131nan tarihten itibaren ise en az 30 g\u00fcn boyunca i\u015fsizli\u011fin devam etmesi gerekmektedir.<\/p><p style=\"color: rgb(0, 0, 0); font-size: 16px; font-weight: 400; text-align: justify; white-space: normal;\">G\u00fcndelik hastane tazminat\u0131 (hastal\u0131k) i\u00e7in sigorta ba\u015flang\u0131\u00e7 tarihinden itibaren 90 g\u00fcn sigortal\u0131l\u0131\u011f\u0131n devam\u0131, en az 7 tam g\u00fcn aral\u0131ks\u0131z hastanede yatma ko\u015fulu ile hak kazan\u0131l\u0131r.<\/p><\/h2>\t\t<\/div>\n\t\t\t\t<\/div>\n\t\t\t\t\t\t<\/div>\n\t\t\t\t\t<\/div>\n\t\t<\/div>\n\t\t\t\t\t\t\t\t<\/div>\n\t\t\t\t\t<\/div>\n\t\t<\/section>\n\t\t\t\t\t\t<\/div>\n\t\t\t\t\t\t<\/div>\n\t\t\t\t\t<\/div>\n\t\t","protected":false},"excerpt":{"rendered":"<p>KRED\u0130 BORCUNUZ SEVD\u0130KLER\u0130N\u0130ZE KALMASIN&#8230; Kredi Hayat ile kredi borcunuzu sigortalay\u0131n, sevdiklerinizi y\u00fck alt\u0131nda b\u0131rakmay\u0131n. Online Teklif Al Neden &#8220;Kredi Hayat&#8221; Sigortas\u0131 Almal\u0131s\u0131n\u0131z? &#8220;Kredi Hayat&#8221;, bankam\u0131zdan kredi kullanan m\u00fc\u015fterilerimizin beklenmedik bir ya\u015fam kayb\u0131 veya kaza sonucu malul kal\u0131nmas\u0131 ile i\u015fini kaybetme riskinin ger\u00e7ekle\u015fmesi yada \u00e7al\u0131\u015fma \u015feklinize g\u00f6re hastanede yat\u0131lmas\u0131 durumunda; Bankaya kalan kredi borcunun sigorta \u015firketi &hellip; <\/p>\n<p class=\"link-more\"><a href=\"http:\/\/egekorfez.com.tr\/?page_id=231\" class=\"more-link\">Continue reading<span class=\"screen-reader-text\"> &#8220;Kredili Hayat Sigortas\u0131&#8221;<\/span><\/a><\/p>\n","protected":false},"author":1,"featured_media":0,"parent":0,"menu_order":0,"comment_status":"closed","ping_status":"closed","template":"elementor_header_footer","meta":[],"_links":{"self":[{"href":"http:\/\/egekorfez.com.tr\/index.php?rest_route=\/wp\/v2\/pages\/231"}],"collection":[{"href":"http:\/\/egekorfez.com.tr\/index.php?rest_route=\/wp\/v2\/pages"}],"about":[{"href":"http:\/\/egekorfez.com.tr\/index.php?rest_route=\/wp\/v2\/types\/page"}],"author":[{"embeddable":true,"href":"http:\/\/egekorfez.com.tr\/index.php?rest_route=\/wp\/v2\/users\/1"}],"replies":[{"embeddable":true,"href":"http:\/\/egekorfez.com.tr\/index.php?rest_route=%2Fwp%2Fv2%2Fcomments&post=231"}],"version-history":[{"count":10,"href":"http:\/\/egekorfez.com.tr\/index.php?rest_route=\/wp\/v2\/pages\/231\/revisions"}],"predecessor-version":[{"id":375,"href":"http:\/\/egekorfez.com.tr\/index.php?rest_route=\/wp\/v2\/pages\/231\/revisions\/375"}],"wp:attachment":[{"href":"http:\/\/egekorfez.com.tr\/index.php?rest_route=%2Fwp%2Fv2%2Fmedia&parent=231"}],"curies":[{"name":"wp","href":"https:\/\/api.w.org\/{rel}","templated":true}]}}