{"id":226,"date":"2020-12-01T06:22:37","date_gmt":"2020-12-01T06:22:37","guid":{"rendered":"https:\/\/soyluhangruop.com\/?page_id=226"},"modified":"2020-12-01T06:23:22","modified_gmt":"2020-12-01T06:23:22","slug":"is-yeri-sigortasi","status":"publish","type":"page","link":"http:\/\/egekorfez.com.tr\/?page_id=226","title":{"rendered":"\u0130\u015f Yeri Sigortas\u0131"},"content":{"rendered":"\t\t<div data-elementor-type=\"wp-page\" data-elementor-id=\"226\" class=\"elementor elementor-226\" data-elementor-settings=\"[]\">\n\t\t\t\t\t\t<div class=\"elementor-inner\">\n\t\t\t\t\t\t\t<div class=\"elementor-section-wrap\">\n\t\t\t\t\t\t\t<section class=\"elementor-section elementor-top-section elementor-element elementor-element-8d10f9b elementor-section-boxed elementor-section-height-default elementor-section-height-default\" data-id=\"8d10f9b\" data-element_type=\"section\">\n\t\t\t\t\t\t<div class=\"elementor-container elementor-column-gap-default\">\n\t\t\t\t\t\t\t<div class=\"elementor-row\">\n\t\t\t\t\t<div class=\"elementor-column elementor-col-100 elementor-top-column elementor-element elementor-element-c6fb6b2\" data-id=\"c6fb6b2\" data-element_type=\"column\">\n\t\t\t<div class=\"elementor-column-wrap elementor-element-populated\">\n\t\t\t\t\t\t\t<div class=\"elementor-widget-wrap\">\n\t\t\t\t\t\t<div class=\"elementor-element elementor-element-b7e431f elementor-widget elementor-widget-text-editor\" data-id=\"b7e431f\" data-element_type=\"widget\" data-widget_type=\"text-editor.default\">\n\t\t\t\t<div class=\"elementor-widget-container\">\n\t\t\t\t\t<div class=\"elementor-text-editor elementor-clearfix\"><p>\u0130\u015e YER\u0130 S\u0130GORTASI NED\u0130R?<\/p><p style=\"font-weight: 400;\">Ya\u015fam\u0131n\u0131z\u0131n belki de en \u00f6nemli ad\u0131m\u0131n\u0131 atarak kurdu\u011funuz i\u015f yerinizin kar\u015f\u0131 kar\u015f\u0131ya kalabilece\u011fi risklere kar\u015f\u0131 koruyan \u0130\u015f Yeri Sigortas\u0131 ile i\u00e7iniz rahat olsun.<\/p><p style=\"font-weight: 400;\">Sigorta paketlerine g\u00f6re \u00e7e\u015fitlilik g\u00f6steren \u0130\u015f Yeri Sigortas\u0131 genel olarak i\u015f yerinizi yang\u0131n, sel \/su basmas\u0131, h\u0131rs\u0131zl\u0131k, grev, kira kayb\u0131, cam k\u0131r\u0131lmas\u0131, ta\u015f\u0131t \u00e7arpmas\u0131 gibi beklenmeyen durumlara kar\u015f\u0131 korur.<\/p><\/div>\n\t\t\t\t<\/div>\n\t\t\t\t<\/div>\n\t\t\t\t\t\t<\/div>\n\t\t\t\t\t<\/div>\n\t\t<\/div>\n\t\t\t\t\t\t\t\t<\/div>\n\t\t\t\t\t<\/div>\n\t\t<\/section>\n\t\t\t\t\t\t<\/div>\n\t\t\t\t\t\t<\/div>\n\t\t\t\t\t<\/div>\n\t\t","protected":false},"excerpt":{"rendered":"<p>\u0130\u015e YER\u0130 S\u0130GORTASI NED\u0130R? Ya\u015fam\u0131n\u0131z\u0131n belki de en \u00f6nemli ad\u0131m\u0131n\u0131 atarak kurdu\u011funuz i\u015f yerinizin kar\u015f\u0131 kar\u015f\u0131ya kalabilece\u011fi risklere kar\u015f\u0131 koruyan \u0130\u015f Yeri Sigortas\u0131 ile i\u00e7iniz rahat olsun. Sigorta paketlerine g\u00f6re \u00e7e\u015fitlilik g\u00f6steren \u0130\u015f Yeri Sigortas\u0131 genel olarak i\u015f yerinizi yang\u0131n, sel \/su basmas\u0131, h\u0131rs\u0131zl\u0131k, grev, kira kayb\u0131, cam k\u0131r\u0131lmas\u0131, ta\u015f\u0131t \u00e7arpmas\u0131 gibi beklenmeyen durumlara kar\u015f\u0131 &hellip; <\/p>\n<p class=\"link-more\"><a href=\"http:\/\/egekorfez.com.tr\/?page_id=226\" class=\"more-link\">Continue reading<span class=\"screen-reader-text\"> &#8220;\u0130\u015f Yeri Sigortas\u0131&#8221;<\/span><\/a><\/p>\n","protected":false},"author":1,"featured_media":0,"parent":0,"menu_order":0,"comment_status":"closed","ping_status":"closed","template":"elementor_header_footer","meta":[],"_links":{"self":[{"href":"http:\/\/egekorfez.com.tr\/index.php?rest_route=\/wp\/v2\/pages\/226"}],"collection":[{"href":"http:\/\/egekorfez.com.tr\/index.php?rest_route=\/wp\/v2\/pages"}],"about":[{"href":"http:\/\/egekorfez.com.tr\/index.php?rest_route=\/wp\/v2\/types\/page"}],"author":[{"embeddable":true,"href":"http:\/\/egekorfez.com.tr\/index.php?rest_route=\/wp\/v2\/users\/1"}],"replies":[{"embeddable":true,"href":"http:\/\/egekorfez.com.tr\/index.php?rest_route=%2Fwp%2Fv2%2Fcomments&post=226"}],"version-history":[{"count":4,"href":"http:\/\/egekorfez.com.tr\/index.php?rest_route=\/wp\/v2\/pages\/226\/revisions"}],"predecessor-version":[{"id":230,"href":"http:\/\/egekorfez.com.tr\/index.php?rest_route=\/wp\/v2\/pages\/226\/revisions\/230"}],"wp:attachment":[{"href":"http:\/\/egekorfez.com.tr\/index.php?rest_route=%2Fwp%2Fv2%2Fmedia&parent=226"}],"curies":[{"name":"wp","href":"https:\/\/api.w.org\/{rel}","templated":true}]}}