{"id":218,"date":"2020-12-01T06:21:12","date_gmt":"2020-12-01T06:21:12","guid":{"rendered":"https:\/\/soyluhangruop.com\/?page_id=218"},"modified":"2020-12-01T18:23:43","modified_gmt":"2020-12-01T18:23:43","slug":"dask","status":"publish","type":"page","link":"http:\/\/egekorfez.com.tr\/?page_id=218","title":{"rendered":"DASK"},"content":{"rendered":"\t\t<div data-elementor-type=\"wp-page\" data-elementor-id=\"218\" class=\"elementor elementor-218\" data-elementor-settings=\"[]\">\n\t\t\t\t\t\t<div class=\"elementor-inner\">\n\t\t\t\t\t\t\t<div class=\"elementor-section-wrap\">\n\t\t\t\t\t\t\t<section class=\"elementor-section elementor-top-section elementor-element elementor-element-e111c6b elementor-section-boxed elementor-section-height-default elementor-section-height-default\" data-id=\"e111c6b\" data-element_type=\"section\">\n\t\t\t\t\t\t<div class=\"elementor-container elementor-column-gap-default\">\n\t\t\t\t\t\t\t<div class=\"elementor-row\">\n\t\t\t\t\t<div class=\"elementor-column elementor-col-100 elementor-top-column elementor-element elementor-element-9ce0da0\" data-id=\"9ce0da0\" data-element_type=\"column\">\n\t\t\t<div class=\"elementor-column-wrap elementor-element-populated\">\n\t\t\t\t\t\t\t<div class=\"elementor-widget-wrap\">\n\t\t\t\t\t\t<div class=\"elementor-element elementor-element-789a9ef elementor-widget elementor-widget-text-editor\" data-id=\"789a9ef\" data-element_type=\"widget\" data-widget_type=\"text-editor.default\">\n\t\t\t\t<div class=\"elementor-widget-container\">\n\t\t\t\t\t<div class=\"elementor-text-editor elementor-clearfix\"><h3><span style=\"vertical-align: inherit;\"><span style=\"vertical-align: inherit;\">DASK NED\u0130R?<\/span><\/span><\/h3><p><span style=\"vertical-align: inherit;\"><span style=\"vertical-align: inherit;\">Deprem sonucu olu\u015facak hasarlarda, DASK poli\u00e7esi verilen verilen teminatlara ilave teminat almak elinizde. <\/span><\/span><br \/><span style=\"vertical-align: inherit;\"><span style=\"vertical-align: inherit;\">Ayr\u0131ca binadaki sabit tesisata h\u0131rs\u0131zl\u0131k teminat\u0131 veriliyor. <\/span><span style=\"vertical-align: inherit;\">Bu bedel, bina bedelinin% 1&#8217;i ile ilgili. <\/span><\/span><br \/><span style=\"vertical-align: inherit;\"><span style=\"vertical-align: inherit;\">Sigortal\u0131n\u0131n kirac\u0131 olmas\u0131 durumunda ise binaya yap\u0131lan dekorasyon, e\u015fya bedelinin% 5&#8217;i ile ilgili. <\/span><\/span><br \/><span style=\"vertical-align: inherit;\"><span style=\"vertical-align: inherit;\">Ve diyelim ki voltaj d\u00fc\u015ft\u00fc ya da \u00e7\u0131kt\u0131, televizyon ar\u0131zaland\u0131. <\/span><span style=\"vertical-align: inherit;\">Bu durumda olu\u015facak hasarlar, poli\u00e7ede kelimesi kelimesini kelimesine kelimesini kelimesine kelimesini kelimesini kelimesine kaplamak.<\/span><\/span><\/p><p><span style=\"vertical-align: inherit;\"><span style=\"vertical-align: inherit;\">Dask, Do\u011fal Afet Sigortal\u0131 Kurumu&#8217;nun k\u0131saltmas\u0131d\u0131r. <\/span><span style=\"vertical-align: inherit;\">Genel olarak di\u011fer sigortalar\u0131n ortak bir amac\u0131 g\u00fctmeyen bu sigorta ortak bir sigorta havuzu olu\u015fturulmaktad\u0131r. <\/span><span style=\"vertical-align: inherit;\">Olas\u0131 bir afet kar\u015f\u0131layabilmek i\u00e7in konutunuza mutlaka Dask sigortas\u0131 yapt\u0131rmal\u0131s\u0131n\u0131z. <\/span><span style=\"vertical-align: inherit;\">Dask, 587 say\u0131l\u0131 Zorunlu Deprem sigortas\u0131na \u0130li\u015fkin Kanun H\u00fckm\u00fcnde Kararnamenin ikinci maddesi h\u00fckm\u00fc gere\u011fince zorunlu tutulan ve evinizi deprem riskine kar\u015f\u0131 teminat alt\u0131na alan bir sigorta \u00fcr\u00fcn\u00fcd\u00fcr.<\/span><\/span><\/p><\/div>\n\t\t\t\t<\/div>\n\t\t\t\t<\/div>\n\t\t\t\t<div class=\"elementor-element elementor-element-55caae5 elementor-align-justify elementor-widget elementor-widget-button\" data-id=\"55caae5\" data-element_type=\"widget\" data-widget_type=\"button.default\">\n\t\t\t\t<div class=\"elementor-widget-container\">\n\t\t\t\t\t<div class=\"elementor-button-wrapper\">\n\t\t\t<a href=\"https:\/\/www.dask.gov.tr\/e-services\/portal\/calculatePremium\" target=\"_blank\" class=\"elementor-button-link elementor-button elementor-size-sm\" role=\"button\">\n\t\t\t\t\t\t<span class=\"elementor-button-content-wrapper\">\n\t\t\t\t\t\t<span class=\"elementor-button-text\">DASK HESAPLAMA<\/span>\n\t\t<\/span>\n\t\t\t\t\t<\/a>\n\t\t<\/div>\n\t\t\t\t<\/div>\n\t\t\t\t<\/div>\n\t\t\t\t<div class=\"elementor-element elementor-element-d74d952 elementor-widget elementor-widget-heading\" data-id=\"d74d952\" data-element_type=\"widget\" data-widget_type=\"heading.default\">\n\t\t\t\t<div class=\"elementor-widget-container\">\n\t\t\t<h2 class=\"elementor-heading-title elementor-size-default\"><p style=\"color: rgb(0, 0, 0); font-size: 16px; font-weight: 400; text-align: justify; white-space: normal;\"><span style=\"font-weight: 700;\">Teminat\u0131n Kapsam\u0131<\/span><\/p><ul class=\"flat-list style1\" style=\"color: rgb(0, 0, 0); font-size: 16px; font-weight: 400; text-align: justify; white-space: normal;\"><li><span style=\"vertical-align: inherit;\">Deprem<\/span><\/li><li><span style=\"vertical-align: inherit;\">Deprem sonucu yang\u0131n<\/span><\/li><li><span style=\"vertical-align: inherit;\">Deprem sonucu infilak<\/span><\/li><li><span style=\"vertical-align: inherit;\">Deprem sonucu yer kaymas\u0131<\/span><\/li><li><span style=\"vertical-align: inherit;\">Deprem ve depremin neden oldu\u011fu hasarlar (temeller, ana duvarlar, ba\u011f\u0131ms\u0131z b\u00f6l\u00fcmleri ortak duvarlar, tavan ve tabanlar, merdivenler, sahanl\u0131klar, koridorlar, \u00e7at\u0131lar ve bacalarda meydana gelenler de birle\u015fmek \u00fczere), DASK taraf\u0131ndan, sigorta bedeline kadar teminat alt\u0131na al\u0131nmaktad\u0131r.<\/span><\/li><\/ul><p style=\"color: rgb(0, 0, 0); font-size: 16px; font-weight: 400; text-align: justify; white-space: normal;\"><span style=\"font-weight: 700;\">Azami Teminat Limiti Nedir?<\/span><\/p><p style=\"color: rgb(0, 0, 0); font-size: 16px; font-weight: 400; text-align: justify; white-space: normal;\"><span style=\"vertical-align: inherit;\"><span style=\"vertical-align: inherit;\">DASK, her y\u0131l yap\u0131 maliyetlerindeki art\u0131\u015fa ba\u011fl\u0131 olarak azami teminat limiti bildiriyor.&nbsp;<\/span><span style=\"vertical-align: inherit;\">DASK taraf\u0131ndan verilen azami teminat tutar\u0131, 1 Ocak 2011 itibaren b\u00fct\u00fcn yap\u0131 tiplerinde 150 Bin TL olarak g\u00f6nderin.&nbsp;<\/span><span style=\"vertical-align: inherit;\">Yeniden in\u015fa bedeli (arsa k\u0131sm\u0131 hari\u00e7) k\u00fclliyatta bulunabilir.<\/span><\/span><\/p><\/h2>\t\t<\/div>\n\t\t\t\t<\/div>\n\t\t\t\t\t\t<\/div>\n\t\t\t\t\t<\/div>\n\t\t<\/div>\n\t\t\t\t\t\t\t\t<\/div>\n\t\t\t\t\t<\/div>\n\t\t<\/section>\n\t\t\t\t\t\t<\/div>\n\t\t\t\t\t\t<\/div>\n\t\t\t\t\t<\/div>\n\t\t","protected":false},"excerpt":{"rendered":"<p>DASK NED\u0130R? Deprem sonucu olu\u015facak hasarlarda, DASK poli\u00e7esi verilen verilen teminatlara ilave teminat almak elinizde. Ayr\u0131ca binadaki sabit tesisata h\u0131rs\u0131zl\u0131k teminat\u0131 veriliyor. Bu bedel, bina bedelinin% 1&#8217;i ile ilgili. Sigortal\u0131n\u0131n kirac\u0131 olmas\u0131 durumunda ise binaya yap\u0131lan dekorasyon, e\u015fya bedelinin% 5&#8217;i ile ilgili. Ve diyelim ki voltaj d\u00fc\u015ft\u00fc ya da \u00e7\u0131kt\u0131, televizyon ar\u0131zaland\u0131. Bu durumda olu\u015facak &hellip; <\/p>\n<p class=\"link-more\"><a href=\"http:\/\/egekorfez.com.tr\/?page_id=218\" class=\"more-link\">Continue reading<span class=\"screen-reader-text\"> &#8220;DASK&#8221;<\/span><\/a><\/p>\n","protected":false},"author":1,"featured_media":0,"parent":0,"menu_order":0,"comment_status":"closed","ping_status":"closed","template":"elementor_header_footer","meta":[],"_links":{"self":[{"href":"http:\/\/egekorfez.com.tr\/index.php?rest_route=\/wp\/v2\/pages\/218"}],"collection":[{"href":"http:\/\/egekorfez.com.tr\/index.php?rest_route=\/wp\/v2\/pages"}],"about":[{"href":"http:\/\/egekorfez.com.tr\/index.php?rest_route=\/wp\/v2\/types\/page"}],"author":[{"embeddable":true,"href":"http:\/\/egekorfez.com.tr\/index.php?rest_route=\/wp\/v2\/users\/1"}],"replies":[{"embeddable":true,"href":"http:\/\/egekorfez.com.tr\/index.php?rest_route=%2Fwp%2Fv2%2Fcomments&post=218"}],"version-history":[{"count":28,"href":"http:\/\/egekorfez.com.tr\/index.php?rest_route=\/wp\/v2\/pages\/218\/revisions"}],"predecessor-version":[{"id":372,"href":"http:\/\/egekorfez.com.tr\/index.php?rest_route=\/wp\/v2\/pages\/218\/revisions\/372"}],"wp:attachment":[{"href":"http:\/\/egekorfez.com.tr\/index.php?rest_route=%2Fwp%2Fv2%2Fmedia&parent=218"}],"curies":[{"name":"wp","href":"https:\/\/api.w.org\/{rel}","templated":true}]}}