{"id":213,"date":"2020-12-01T06:19:45","date_gmt":"2020-12-01T06:19:45","guid":{"rendered":"https:\/\/soyluhangruop.com\/?page_id=213"},"modified":"2020-12-01T06:49:45","modified_gmt":"2020-12-01T06:49:45","slug":"konut-sigortasi","status":"publish","type":"page","link":"http:\/\/egekorfez.com.tr\/?page_id=213","title":{"rendered":"Konut Sigortas\u0131"},"content":{"rendered":"\t\t<div data-elementor-type=\"wp-page\" data-elementor-id=\"213\" class=\"elementor elementor-213\" data-elementor-settings=\"[]\">\n\t\t\t\t\t\t<div class=\"elementor-inner\">\n\t\t\t\t\t\t\t<div class=\"elementor-section-wrap\">\n\t\t\t\t\t\t\t<section class=\"elementor-section elementor-top-section elementor-element elementor-element-c776a56 elementor-section-boxed elementor-section-height-default elementor-section-height-default\" data-id=\"c776a56\" data-element_type=\"section\">\n\t\t\t\t\t\t<div class=\"elementor-container elementor-column-gap-default\">\n\t\t\t\t\t\t\t<div class=\"elementor-row\">\n\t\t\t\t\t<div class=\"elementor-column elementor-col-100 elementor-top-column elementor-element elementor-element-16ae3b0\" data-id=\"16ae3b0\" data-element_type=\"column\">\n\t\t\t<div class=\"elementor-column-wrap elementor-element-populated\">\n\t\t\t\t\t\t\t<div class=\"elementor-widget-wrap\">\n\t\t\t\t\t\t<div class=\"elementor-element elementor-element-9066ce8 elementor-widget elementor-widget-text-editor\" data-id=\"9066ce8\" data-element_type=\"widget\" data-widget_type=\"text-editor.default\">\n\t\t\t\t<div class=\"elementor-widget-container\">\n\t\t\t\t\t<div class=\"elementor-text-editor elementor-clearfix\"><p>Konut Sigortas\u0131<\/p><\/div>\n\t\t\t\t<\/div>\n\t\t\t\t<\/div>\n\t\t\t\t\t\t<\/div>\n\t\t\t\t\t<\/div>\n\t\t<\/div>\n\t\t\t\t\t\t\t\t<\/div>\n\t\t\t\t\t<\/div>\n\t\t<\/section>\n\t\t\t\t<section class=\"elementor-section elementor-top-section elementor-element elementor-element-657c504 elementor-section-boxed elementor-section-height-default elementor-section-height-default\" data-id=\"657c504\" data-element_type=\"section\">\n\t\t\t\t\t\t<div class=\"elementor-container elementor-column-gap-default\">\n\t\t\t\t\t\t\t<div class=\"elementor-row\">\n\t\t\t\t\t<div class=\"elementor-column elementor-col-100 elementor-top-column elementor-element elementor-element-4baf02b\" data-id=\"4baf02b\" data-element_type=\"column\">\n\t\t\t<div class=\"elementor-column-wrap elementor-element-populated\">\n\t\t\t\t\t\t\t<div class=\"elementor-widget-wrap\">\n\t\t\t\t\t\t<div class=\"elementor-element elementor-element-e222b19 elementor-widget elementor-widget-text-editor\" data-id=\"e222b19\" data-element_type=\"widget\" data-widget_type=\"text-editor.default\">\n\t\t\t\t<div class=\"elementor-widget-container\">\n\t\t\t\t\t<div class=\"elementor-text-editor elementor-clearfix\"><h3>KONUT S\u0130GORTASI NED\u0130R?<\/h3><p><br \/>Sizi ya\u011fmurdan, so\u011fuktan ve d\u0131\u015far\u0131daki tehlikelerden koruyan evinizin de korunmaya ihtiyac\u0131 oldu\u011funu hi\u00e7 d\u00fc\u015f\u00fcnd\u00fcn\u00fcz m\u00fc?<br \/><br \/>Konut Sigortas\u0131, evinizi veya belirli d\u00f6nemlerde ikamet etti\u011finiz yazl\u0131\u011f\u0131n\u0131z\u0131; deprem, sel, ter\u00f6r, yang\u0131n, h\u0131rs\u0131zl\u0131k, d\u00e2hili su, f\u0131rt\u0131na, vb. risklere kar\u015f\u0131 g\u00fcvence alt\u0131na alan bir poli\u00e7e t\u00fcr\u00fcd\u00fcr. Konut Paket Sigortas\u0131, evinizi yang\u0131ndan y\u0131ld\u0131r\u0131ma, ta\u015f\u0131t \u00e7arpmas\u0131ndan h\u0131rs\u0131zl\u0131\u011fa, hatta elektronik e\u015fyan\u0131za gelecek zarara kadar g\u00fcvence alt\u0131na al\u0131r. Hem de geni\u015f kapsaml\u0131 teminatlarla. Ayr\u0131ca poli\u00e7e s\u00fcresi i\u00e7inde hasar olmad\u0131\u011f\u0131 takdirde (deprem hari\u00e7), y\u0131ll\u0131k konut priminde %10\u2019dan %20\u2019ye kadar indirimler uyguluyor. Konut Paket Sigortas\u0131\u2018yla akl\u0131n\u0131za gelebilecek her \u015fey g\u00fcvence alt\u0131na al\u0131yor.<\/p><p><strong>G\u00fcvence alt\u0131na al\u0131nan durumlar<\/strong><\/p><ul class=\"flat-list style1\"><li>Yang\u0131n<\/li><li>Sel \/ su bask\u0131n\u0131<\/li><li>F\u0131rt\u0131na<\/li><li>Kara ta\u015f\u0131tlar\u0131 \u00e7arpmas\u0131<\/li><li>Hava ta\u015f\u0131tlar\u0131 \u00e7arpmas\u0131<\/li><li>Deniz ta\u015f\u0131tlar\u0131 \u00e7arpmas\u0131<\/li><li>Duman\u0131n verece\u011fi zararlar<\/li><li>Yer kaymas\u0131<\/li><li>Grev, lokavt, karga\u015fa, halk hareketleri, k\u00f6t\u00fc niyetli hareketler<\/li><li>Ter\u00f6r<\/li><li>Kar a\u011f\u0131rl\u0131\u011f\u0131<\/li><li>Cam k\u0131r\u0131lmas\u0131<\/li><li>Enkaz kald\u0131rma giderleri<\/li><li>H\u0131rs\u0131zl\u0131k<\/li><li>Hasar nedeniyle yap\u0131lacak ikametg\u00e2h de\u011fi\u015fikli\u011fi masraflar\u0131<\/li><li>Ferdi kaza<\/li><li>G\u00f6rsel ve i\u015fitsel cihazlarda kaza sonucu olu\u015fan zararlar<\/li><li>Ki\u015fisel \/ \u00fc\u00e7\u00fcnc\u00fc \u015fah\u0131s sonucu mali sorumluluk<\/li><li>Yang\u0131n \/ infilak sonucu mali sorumluluk<\/li><li>Kira kayb\u0131 ve kullan\u0131m mahrumiyeti<\/li><li>Elektrik hasarlar\u0131<\/li><\/ul><p>\u00a0<\/p><p><strong>AC\u0130L DURUM H\u0130ZMETLER\u0130<\/strong><\/p><ul class=\"flat-list style1\"><li>Acil durumlarda faturalar\u0131n\u0131z\u0131n \u00f6denmesi<\/li><li>Acil mesajlar\u0131n iletilmesi<\/li><li>Otel konaklamas\u0131<\/li><li>Konutunuzun korunmas\u0131 ve g\u00f6zetimi<\/li><li>Herhangi bir yak\u0131n\u0131n\u0131z\u0131n ciddi hastal\u0131\u011f\u0131\/vefat\u0131 durumunda ikametg\u00e2h\u0131n\u0131za d\u00f6n\u00fc\u015f<\/li><li>Konutunuza t\u0131bbi yard\u0131m hizmetleri: T\u0131bbi dan\u0131\u015fmanl\u0131k, doktor, ambulans, t\u0131bbi ekipman deste\u011fi<\/li><li>Hastanede yatma durumunda yard\u0131m<\/li><li>Refakat\u00e7i yak\u0131n\u0131n hastaneye nakli<\/li><li>\u00c7ocuklar\u0131n\u0131z\u0131n (16 ya\u015f\u0131n alt\u0131ndaki), akrabalar\u0131n yan\u0131na refakat\u00e7i e\u015fli\u011finde nakli dan\u0131\u015fmanl\u0131k hizmetleri<\/li><li>Sosyal aktivitelerle ilgili bilgi ve rezervasyon<\/li><li>Otel rezervasyonlar\u0131<\/li><li>Kiral\u0131k ara\u00e7 rezervasyonlar\u0131<\/li><li>U\u00e7ak bileti alma \/ ula\u015f\u0131m<\/li><li>Tatil \u00f6ncesi hizmetler<\/li><li>Di\u011fer g\u00fcvenceler<\/li><\/ul><\/div>\n\t\t\t\t<\/div>\n\t\t\t\t<\/div>\n\t\t\t\t\t\t<\/div>\n\t\t\t\t\t<\/div>\n\t\t<\/div>\n\t\t\t\t\t\t\t\t<\/div>\n\t\t\t\t\t<\/div>\n\t\t<\/section>\n\t\t\t\t\t\t<\/div>\n\t\t\t\t\t\t<\/div>\n\t\t\t\t\t<\/div>\n\t\t","protected":false},"excerpt":{"rendered":"<p>Konut Sigortas\u0131 KONUT S\u0130GORTASI NED\u0130R? Sizi ya\u011fmurdan, so\u011fuktan ve d\u0131\u015far\u0131daki tehlikelerden koruyan evinizin de korunmaya ihtiyac\u0131 oldu\u011funu hi\u00e7 d\u00fc\u015f\u00fcnd\u00fcn\u00fcz m\u00fc? Konut Sigortas\u0131, evinizi veya belirli d\u00f6nemlerde ikamet etti\u011finiz yazl\u0131\u011f\u0131n\u0131z\u0131; deprem, sel, ter\u00f6r, yang\u0131n, h\u0131rs\u0131zl\u0131k, d\u00e2hili su, f\u0131rt\u0131na, vb. risklere kar\u015f\u0131 g\u00fcvence alt\u0131na alan bir poli\u00e7e t\u00fcr\u00fcd\u00fcr. Konut Paket Sigortas\u0131, evinizi yang\u0131ndan y\u0131ld\u0131r\u0131ma, ta\u015f\u0131t \u00e7arpmas\u0131ndan h\u0131rs\u0131zl\u0131\u011fa, &hellip; <\/p>\n<p class=\"link-more\"><a href=\"http:\/\/egekorfez.com.tr\/?page_id=213\" class=\"more-link\">Continue reading<span class=\"screen-reader-text\"> &#8220;Konut Sigortas\u0131&#8221;<\/span><\/a><\/p>\n","protected":false},"author":1,"featured_media":0,"parent":0,"menu_order":0,"comment_status":"closed","ping_status":"closed","template":"elementor_header_footer","meta":[],"_links":{"self":[{"href":"http:\/\/egekorfez.com.tr\/index.php?rest_route=\/wp\/v2\/pages\/213"}],"collection":[{"href":"http:\/\/egekorfez.com.tr\/index.php?rest_route=\/wp\/v2\/pages"}],"about":[{"href":"http:\/\/egekorfez.com.tr\/index.php?rest_route=\/wp\/v2\/types\/page"}],"author":[{"embeddable":true,"href":"http:\/\/egekorfez.com.tr\/index.php?rest_route=\/wp\/v2\/users\/1"}],"replies":[{"embeddable":true,"href":"http:\/\/egekorfez.com.tr\/index.php?rest_route=%2Fwp%2Fv2%2Fcomments&post=213"}],"version-history":[{"count":7,"href":"http:\/\/egekorfez.com.tr\/index.php?rest_route=\/wp\/v2\/pages\/213\/revisions"}],"predecessor-version":[{"id":286,"href":"http:\/\/egekorfez.com.tr\/index.php?rest_route=\/wp\/v2\/pages\/213\/revisions\/286"}],"wp:attachment":[{"href":"http:\/\/egekorfez.com.tr\/index.php?rest_route=%2Fwp%2Fv2%2Fmedia&parent=213"}],"curies":[{"name":"wp","href":"https:\/\/api.w.org\/{rel}","templated":true}]}}