{"id":203,"date":"2020-12-01T06:13:42","date_gmt":"2020-12-01T06:13:42","guid":{"rendered":"https:\/\/soyluhangruop.com\/?page_id=203"},"modified":"2020-12-01T06:39:20","modified_gmt":"2020-12-01T06:39:20","slug":"tamamlayici-saglik-sigortasi","status":"publish","type":"page","link":"http:\/\/egekorfez.com.tr\/?page_id=203","title":{"rendered":"Tamamlay\u0131c\u0131 Sa\u011fl\u0131k Sigortas\u0131"},"content":{"rendered":"\t\t<div data-elementor-type=\"wp-page\" data-elementor-id=\"203\" class=\"elementor elementor-203\" data-elementor-settings=\"[]\">\n\t\t\t\t\t\t<div class=\"elementor-inner\">\n\t\t\t\t\t\t\t<div class=\"elementor-section-wrap\">\n\t\t\t\t\t\t\t<section class=\"elementor-section elementor-top-section elementor-element elementor-element-cbf17ee elementor-section-boxed elementor-section-height-default elementor-section-height-default\" data-id=\"cbf17ee\" data-element_type=\"section\">\n\t\t\t\t\t\t<div class=\"elementor-container elementor-column-gap-default\">\n\t\t\t\t\t\t\t<div class=\"elementor-row\">\n\t\t\t\t\t<div class=\"elementor-column elementor-col-100 elementor-top-column elementor-element elementor-element-5c6c127\" data-id=\"5c6c127\" data-element_type=\"column\">\n\t\t\t<div class=\"elementor-column-wrap elementor-element-populated\">\n\t\t\t\t\t\t\t<div class=\"elementor-widget-wrap\">\n\t\t\t\t\t\t<div class=\"elementor-element elementor-element-1f55691 elementor-widget elementor-widget-text-editor\" data-id=\"1f55691\" data-element_type=\"widget\" data-widget_type=\"text-editor.default\">\n\t\t\t\t<div class=\"elementor-widget-container\">\n\t\t\t\t\t<div class=\"elementor-text-editor elementor-clearfix\"><h3>Tamamlay\u0131c\u0131 Sa\u011fl\u0131k Sigortas\u0131<\/h3><p style=\"font-weight: 400;\">Sizin ve sevdiklerinizin daha iyi sa\u011fl\u0131k hizmeti almalar\u0131n\u0131 sa\u011flayan Tamamlay\u0131c\u0131 Sa\u011fl\u0131k Sigortas\u0131 ile SGK ile anla\u015fmal\u0131 sa\u011fl\u0131k kurulu\u015flar\u0131 ve \u00f6zel hastanelerden hizmet alabilmenizi sa\u011flar.<\/p><p style=\"font-weight: 400;\">Tercihe ba\u011fl\u0131 olan bu sigorta ile sosyal g\u00fcvenlik sisteminizin kar\u015f\u0131lamad\u0131\u011f\u0131 ve \/ veya sisteminizin limitlerini a\u015fan durumlar g\u00fcvence alt\u0131na al\u0131n\u0131r.<\/p><p style=\"font-weight: 400;\">Tamamlay\u0131c\u0131 Sa\u011fl\u0131k Sigortas\u0131, SGK taraf\u0131ndan kapsam d\u0131\u015f\u0131 olarak kabul edilen sa\u011fl\u0131k masraflar\u0131n\u0131 siz ve sevdikleriniz ad\u0131na kapsar.<\/p><p style=\"font-weight: 400;\"><strong style=\"font-weight: 900; font-style: inherit;\">Tamamlay\u0131c\u0131 Sa\u011fl\u0131k Sigortas\u0131 ile;<\/strong><\/p><ul style=\"font-weight: 400;\"><li style=\"font-weight: inherit; font-style: inherit;\">Cerrahi i\u015flemler<\/li><li style=\"font-weight: inherit; font-style: inherit;\">Acil m\u00fcdahale gerektiren sa\u011fl\u0131k sorunlar\u0131<\/li><li style=\"font-weight: inherit; font-style: inherit;\">Doktor muayeneleri<\/li><li style=\"font-weight: inherit; font-style: inherit;\">Tetkik, tahlil ve radyoloji giderleri<\/li><li style=\"font-weight: inherit; font-style: inherit;\">Rehabilitasyon giderleri<\/li><\/ul><p style=\"font-weight: 400;\">Gibi i\u015flemleriniz g\u00fcvence alt\u0131na al\u0131n\u0131r.<\/p><\/div>\n\t\t\t\t<\/div>\n\t\t\t\t<\/div>\n\t\t\t\t\t\t<\/div>\n\t\t\t\t\t<\/div>\n\t\t<\/div>\n\t\t\t\t\t\t\t\t<\/div>\n\t\t\t\t\t<\/div>\n\t\t<\/section>\n\t\t\t\t\t\t<\/div>\n\t\t\t\t\t\t<\/div>\n\t\t\t\t\t<\/div>\n\t\t","protected":false},"excerpt":{"rendered":"<p>Tamamlay\u0131c\u0131 Sa\u011fl\u0131k Sigortas\u0131 Sizin ve sevdiklerinizin daha iyi sa\u011fl\u0131k hizmeti almalar\u0131n\u0131 sa\u011flayan Tamamlay\u0131c\u0131 Sa\u011fl\u0131k Sigortas\u0131 ile SGK ile anla\u015fmal\u0131 sa\u011fl\u0131k kurulu\u015flar\u0131 ve \u00f6zel hastanelerden hizmet alabilmenizi sa\u011flar. Tercihe ba\u011fl\u0131 olan bu sigorta ile sosyal g\u00fcvenlik sisteminizin kar\u015f\u0131lamad\u0131\u011f\u0131 ve \/ veya sisteminizin limitlerini a\u015fan durumlar g\u00fcvence alt\u0131na al\u0131n\u0131r. Tamamlay\u0131c\u0131 Sa\u011fl\u0131k Sigortas\u0131, SGK taraf\u0131ndan kapsam d\u0131\u015f\u0131 olarak &hellip; <\/p>\n<p class=\"link-more\"><a href=\"http:\/\/egekorfez.com.tr\/?page_id=203\" class=\"more-link\">Continue reading<span class=\"screen-reader-text\"> &#8220;Tamamlay\u0131c\u0131 Sa\u011fl\u0131k Sigortas\u0131&#8221;<\/span><\/a><\/p>\n","protected":false},"author":1,"featured_media":0,"parent":0,"menu_order":0,"comment_status":"closed","ping_status":"closed","template":"elementor_header_footer","meta":[],"_links":{"self":[{"href":"http:\/\/egekorfez.com.tr\/index.php?rest_route=\/wp\/v2\/pages\/203"}],"collection":[{"href":"http:\/\/egekorfez.com.tr\/index.php?rest_route=\/wp\/v2\/pages"}],"about":[{"href":"http:\/\/egekorfez.com.tr\/index.php?rest_route=\/wp\/v2\/types\/page"}],"author":[{"embeddable":true,"href":"http:\/\/egekorfez.com.tr\/index.php?rest_route=\/wp\/v2\/users\/1"}],"replies":[{"embeddable":true,"href":"http:\/\/egekorfez.com.tr\/index.php?rest_route=%2Fwp%2Fv2%2Fcomments&post=203"}],"version-history":[{"count":11,"href":"http:\/\/egekorfez.com.tr\/index.php?rest_route=\/wp\/v2\/pages\/203\/revisions"}],"predecessor-version":[{"id":424,"href":"http:\/\/egekorfez.com.tr\/index.php?rest_route=\/wp\/v2\/pages\/203\/revisions\/424"}],"wp:attachment":[{"href":"http:\/\/egekorfez.com.tr\/index.php?rest_route=%2Fwp%2Fv2%2Fmedia&parent=203"}],"curies":[{"name":"wp","href":"https:\/\/api.w.org\/{rel}","templated":true}]}}