{"id":2,"date":"2020-11-27T19:27:44","date_gmt":"2020-11-27T19:27:44","guid":{"rendered":"https:\/\/soyluhangruop.com\/?page_id=2"},"modified":"2020-12-01T18:20:43","modified_gmt":"2020-12-01T18:20:43","slug":"sample-page","status":"publish","type":"page","link":"http:\/\/egekorfez.com.tr\/?page_id=2","title":{"rendered":"\u00dcr\u00fcnlerimiz"},"content":{"rendered":"\t\t<div data-elementor-type=\"wp-page\" data-elementor-id=\"2\" class=\"elementor elementor-2\" data-elementor-settings=\"[]\">\n\t\t\t\t\t\t<div class=\"elementor-inner\">\n\t\t\t\t\t\t\t<div class=\"elementor-section-wrap\">\n\t\t\t\t\t\t\t<section class=\"elementor-section elementor-top-section elementor-element elementor-element-b50cff1 elementor-section-boxed elementor-section-height-default elementor-section-height-default\" data-id=\"b50cff1\" data-element_type=\"section\">\n\t\t\t\t\t\t<div class=\"elementor-container elementor-column-gap-default\">\n\t\t\t\t\t\t\t<div class=\"elementor-row\">\n\t\t\t\t\t<div class=\"elementor-column elementor-col-33 elementor-top-column elementor-element elementor-element-cd81959\" data-id=\"cd81959\" data-element_type=\"column\">\n\t\t\t<div class=\"elementor-column-wrap elementor-element-populated\">\n\t\t\t\t\t\t\t<div class=\"elementor-widget-wrap\">\n\t\t\t\t\t\t<div class=\"elementor-element elementor-element-eb2650e elementor-invisible elementor-widget elementor-widget-heading\" data-id=\"eb2650e\" data-element_type=\"widget\" data-settings=\"{&quot;_animation&quot;:&quot;fadeInDown&quot;}\" data-widget_type=\"heading.default\">\n\t\t\t\t<div class=\"elementor-widget-container\">\n\t\t\t<h2 class=\"elementor-heading-title elementor-size-default\"><a href=\"https:\/\/soyluhangruop.com\/?page_id=159\">KASKO<\/a><\/h2>\t\t<\/div>\n\t\t\t\t<\/div>\n\t\t\t\t<div class=\"elementor-element elementor-element-b208f99 elementor-widget elementor-widget-image\" data-id=\"b208f99\" data-element_type=\"widget\" data-widget_type=\"image.default\">\n\t\t\t\t<div class=\"elementor-widget-container\">\n\t\t\t\t\t<div class=\"elementor-image\">\n\t\t\t\t\t\t\t\t\t\t\t<a href=\"https:\/\/soyluhangruop.com\/?page_id=159\">\n\t\t\t\t\t\t\t<img width=\"525\" height=\"316\" src=\"http:\/\/egekorfez.com.tr\/wp-content\/uploads\/2020\/12\/kasko.png\" class=\"attachment-large size-large\" alt=\"\" loading=\"lazy\" srcset=\"http:\/\/egekorfez.com.tr\/wp-content\/uploads\/2020\/12\/kasko.png 708w, http:\/\/egekorfez.com.tr\/wp-content\/uploads\/2020\/12\/kasko-300x181.png 300w\" sizes=\"100vw\" \/>\t\t\t\t\t\t\t\t<\/a>\n\t\t\t\t\t\t\t\t\t\t\t<\/div>\n\t\t\t\t<\/div>\n\t\t\t\t<\/div>\n\t\t\t\t\t\t<\/div>\n\t\t\t\t\t<\/div>\n\t\t<\/div>\n\t\t\t\t<div class=\"elementor-column elementor-col-33 elementor-top-column elementor-element elementor-element-0f04ffa\" data-id=\"0f04ffa\" data-element_type=\"column\">\n\t\t\t<div class=\"elementor-column-wrap elementor-element-populated\">\n\t\t\t\t\t\t\t<div class=\"elementor-widget-wrap\">\n\t\t\t\t\t\t<div class=\"elementor-element elementor-element-85ce44f elementor-invisible elementor-widget elementor-widget-heading\" data-id=\"85ce44f\" data-element_type=\"widget\" data-settings=\"{&quot;_animation&quot;:&quot;fadeInDown&quot;}\" data-widget_type=\"heading.default\">\n\t\t\t\t<div class=\"elementor-widget-container\">\n\t\t\t<h2 class=\"elementor-heading-title elementor-size-default\"><a href=\"https:\/\/soyluhangruop.com\/?page_id=197\">SA\u011eLIK S\u0130GORTASI<\/a><\/h2>\t\t<\/div>\n\t\t\t\t<\/div>\n\t\t\t\t<div class=\"elementor-element elementor-element-29b6549 elementor-widget elementor-widget-image\" data-id=\"29b6549\" data-element_type=\"widget\" data-widget_type=\"image.default\">\n\t\t\t\t<div class=\"elementor-widget-container\">\n\t\t\t\t\t<div class=\"elementor-image\">\n\t\t\t\t\t\t\t\t\t\t\t<a href=\"https:\/\/soyluhangruop.com\/?page_id=197\">\n\t\t\t\t\t\t\t<img width=\"525\" height=\"350\" src=\"http:\/\/egekorfez.com.tr\/wp-content\/uploads\/2020\/12\/Saglik_Sigortasi.jpg\" class=\"attachment-large size-large\" alt=\"\" loading=\"lazy\" srcset=\"http:\/\/egekorfez.com.tr\/wp-content\/uploads\/2020\/12\/Saglik_Sigortasi.jpg 768w, http:\/\/egekorfez.com.tr\/wp-content\/uploads\/2020\/12\/Saglik_Sigortasi-300x200.jpg 300w\" sizes=\"100vw\" \/>\t\t\t\t\t\t\t\t<\/a>\n\t\t\t\t\t\t\t\t\t\t\t<\/div>\n\t\t\t\t<\/div>\n\t\t\t\t<\/div>\n\t\t\t\t\t\t<\/div>\n\t\t\t\t\t<\/div>\n\t\t<\/div>\n\t\t\t\t<div class=\"elementor-column elementor-col-33 elementor-top-column elementor-element elementor-element-9aea575\" data-id=\"9aea575\" data-element_type=\"column\">\n\t\t\t<div class=\"elementor-column-wrap elementor-element-populated\">\n\t\t\t\t\t\t\t<div class=\"elementor-widget-wrap\">\n\t\t\t\t\t\t<div class=\"elementor-element elementor-element-1230cc4 elementor-invisible elementor-widget elementor-widget-heading\" data-id=\"1230cc4\" data-element_type=\"widget\" data-settings=\"{&quot;_animation&quot;:&quot;fadeInDown&quot;}\" data-widget_type=\"heading.default\">\n\t\t\t\t<div class=\"elementor-widget-container\">\n\t\t\t<h2 class=\"elementor-heading-title elementor-size-default\"><a href=\"https:\/\/soyluhangruop.com\/?page_id=183\">TRAF\u0130K S\u0130GORTASI<\/a><\/h2>\t\t<\/div>\n\t\t\t\t<\/div>\n\t\t\t\t<div class=\"elementor-element elementor-element-8922e61 elementor-widget elementor-widget-image\" data-id=\"8922e61\" data-element_type=\"widget\" data-widget_type=\"image.default\">\n\t\t\t\t<div class=\"elementor-widget-container\">\n\t\t\t\t\t<div class=\"elementor-image\">\n\t\t\t\t\t\t\t\t\t\t\t<a href=\"https:\/\/soyluhangruop.com\/?page_id=183\">\n\t\t\t\t\t\t\t<img width=\"500\" height=\"350\" src=\"http:\/\/egekorfez.com.tr\/wp-content\/uploads\/2020\/12\/trafik-sigortasi-jpg.jpg\" class=\"attachment-large size-large\" alt=\"\" loading=\"lazy\" srcset=\"http:\/\/egekorfez.com.tr\/wp-content\/uploads\/2020\/12\/trafik-sigortasi-jpg.jpg 500w, http:\/\/egekorfez.com.tr\/wp-content\/uploads\/2020\/12\/trafik-sigortasi-jpg-300x210.jpg 300w\" sizes=\"100vw\" \/>\t\t\t\t\t\t\t\t<\/a>\n\t\t\t\t\t\t\t\t\t\t\t<\/div>\n\t\t\t\t<\/div>\n\t\t\t\t<\/div>\n\t\t\t\t\t\t<\/div>\n\t\t\t\t\t<\/div>\n\t\t<\/div>\n\t\t\t\t\t\t\t\t<\/div>\n\t\t\t\t\t<\/div>\n\t\t<\/section>\n\t\t\t\t<section class=\"elementor-section elementor-top-section elementor-element elementor-element-8ba848d elementor-section-boxed elementor-section-height-default elementor-section-height-default\" data-id=\"8ba848d\" data-element_type=\"section\">\n\t\t\t\t\t\t<div class=\"elementor-container elementor-column-gap-default\">\n\t\t\t\t\t\t\t<div class=\"elementor-row\">\n\t\t\t\t\t<div class=\"elementor-column elementor-col-33 elementor-top-column elementor-element elementor-element-43071f6\" data-id=\"43071f6\" data-element_type=\"column\">\n\t\t\t<div class=\"elementor-column-wrap elementor-element-populated\">\n\t\t\t\t\t\t\t<div class=\"elementor-widget-wrap\">\n\t\t\t\t\t\t<div class=\"elementor-element elementor-element-d7fff0d elementor-invisible elementor-widget elementor-widget-heading\" data-id=\"d7fff0d\" data-element_type=\"widget\" data-settings=\"{&quot;_animation&quot;:&quot;fadeInDown&quot;}\" data-widget_type=\"heading.default\">\n\t\t\t\t<div class=\"elementor-widget-container\">\n\t\t\t<h2 class=\"elementor-heading-title elementor-size-medium\"><a href=\"https:\/\/soyluhangruop.com\/?page_id=203\">TAMAMLAYICI SA\u011eLIK S\u0130GORTASI<\/a><\/h2>\t\t<\/div>\n\t\t\t\t<\/div>\n\t\t\t\t<div class=\"elementor-element elementor-element-b27f0af elementor-widget elementor-widget-image\" data-id=\"b27f0af\" data-element_type=\"widget\" data-widget_type=\"image.default\">\n\t\t\t\t<div class=\"elementor-widget-container\">\n\t\t\t\t\t<div class=\"elementor-image\">\n\t\t\t\t\t\t\t\t\t\t\t<a href=\"https:\/\/soyluhangruop.com\/?page_id=203\">\n\t\t\t\t\t\t\t<img width=\"525\" height=\"350\" src=\"http:\/\/egekorfez.com.tr\/wp-content\/uploads\/2020\/12\/tamamlayici_saglik_sigortasi.png\" class=\"attachment-large size-large\" alt=\"\" loading=\"lazy\" srcset=\"http:\/\/egekorfez.com.tr\/wp-content\/uploads\/2020\/12\/tamamlayici_saglik_sigortasi.png 768w, http:\/\/egekorfez.com.tr\/wp-content\/uploads\/2020\/12\/tamamlayici_saglik_sigortasi-300x200.png 300w\" sizes=\"100vw\" \/>\t\t\t\t\t\t\t\t<\/a>\n\t\t\t\t\t\t\t\t\t\t\t<\/div>\n\t\t\t\t<\/div>\n\t\t\t\t<\/div>\n\t\t\t\t\t\t<\/div>\n\t\t\t\t\t<\/div>\n\t\t<\/div>\n\t\t\t\t<div class=\"elementor-column elementor-col-33 elementor-top-column elementor-element elementor-element-33d4611\" data-id=\"33d4611\" data-element_type=\"column\">\n\t\t\t<div class=\"elementor-column-wrap elementor-element-populated\">\n\t\t\t\t\t\t\t<div class=\"elementor-widget-wrap\">\n\t\t\t\t\t\t<div class=\"elementor-element elementor-element-3f21e81 elementor-invisible elementor-widget elementor-widget-heading\" data-id=\"3f21e81\" data-element_type=\"widget\" data-settings=\"{&quot;_animation&quot;:&quot;fadeInDown&quot;}\" data-widget_type=\"heading.default\">\n\t\t\t\t<div class=\"elementor-widget-container\">\n\t\t\t<h2 class=\"elementor-heading-title elementor-size-default\"><a href=\"https:\/\/soyluhangruop.com\/?page_id=218\">DASK<\/a><\/h2>\t\t<\/div>\n\t\t\t\t<\/div>\n\t\t\t\t<div class=\"elementor-element elementor-element-a264e55 elementor-widget elementor-widget-image\" data-id=\"a264e55\" data-element_type=\"widget\" data-widget_type=\"image.default\">\n\t\t\t\t<div class=\"elementor-widget-container\">\n\t\t\t\t\t<div class=\"elementor-image\">\n\t\t\t\t\t\t\t\t\t\t\t<a href=\"https:\/\/soyluhangruop.com\/?page_id=218\">\n\t\t\t\t\t\t\t<img width=\"525\" height=\"368\" src=\"http:\/\/egekorfez.com.tr\/wp-content\/uploads\/2020\/12\/dask-1-1024x717.jpg\" class=\"attachment-large size-large\" alt=\"\" loading=\"lazy\" srcset=\"http:\/\/egekorfez.com.tr\/wp-content\/uploads\/2020\/12\/dask-1-1024x717.jpg 1024w, http:\/\/egekorfez.com.tr\/wp-content\/uploads\/2020\/12\/dask-1-300x210.jpg 300w, http:\/\/egekorfez.com.tr\/wp-content\/uploads\/2020\/12\/dask-1-768x537.jpg 768w, http:\/\/egekorfez.com.tr\/wp-content\/uploads\/2020\/12\/dask-1.jpg 1286w\" sizes=\"100vw\" \/>\t\t\t\t\t\t\t\t<\/a>\n\t\t\t\t\t\t\t\t\t\t\t<\/div>\n\t\t\t\t<\/div>\n\t\t\t\t<\/div>\n\t\t\t\t\t\t<\/div>\n\t\t\t\t\t<\/div>\n\t\t<\/div>\n\t\t\t\t<div class=\"elementor-column elementor-col-33 elementor-top-column elementor-element elementor-element-19d3fd1\" data-id=\"19d3fd1\" data-element_type=\"column\">\n\t\t\t<div class=\"elementor-column-wrap elementor-element-populated\">\n\t\t\t\t\t\t\t<div class=\"elementor-widget-wrap\">\n\t\t\t\t\t\t<div class=\"elementor-element elementor-element-f2588a3 elementor-invisible elementor-widget elementor-widget-heading\" data-id=\"f2588a3\" data-element_type=\"widget\" data-settings=\"{&quot;_animation&quot;:&quot;fadeInDown&quot;}\" data-widget_type=\"heading.default\">\n\t\t\t\t<div class=\"elementor-widget-container\">\n\t\t\t<h2 class=\"elementor-heading-title elementor-size-medium\"><a href=\"https:\/\/soyluhangruop.com\/?page_id=218\">HAYAT EMEKL\u0130L\u0130K S\u0130GORTASI<\/a><\/h2>\t\t<\/div>\n\t\t\t\t<\/div>\n\t\t\t\t<div class=\"elementor-element elementor-element-ed1ca0a elementor-widget elementor-widget-image\" data-id=\"ed1ca0a\" data-element_type=\"widget\" data-widget_type=\"image.default\">\n\t\t\t\t<div class=\"elementor-widget-container\">\n\t\t\t\t\t<div class=\"elementor-image\">\n\t\t\t\t\t\t\t\t\t\t\t<a href=\"https:\/\/soyluhangruop.com\/?page_id=218\">\n\t\t\t\t\t\t\t<img width=\"525\" height=\"431\" src=\"http:\/\/egekorfez.com.tr\/wp-content\/uploads\/2020\/12\/hayat.jpg\" class=\"attachment-large size-large\" alt=\"\" loading=\"lazy\" srcset=\"http:\/\/egekorfez.com.tr\/wp-content\/uploads\/2020\/12\/hayat.jpg 560w, http:\/\/egekorfez.com.tr\/wp-content\/uploads\/2020\/12\/hayat-300x246.jpg 300w\" sizes=\"100vw\" \/>\t\t\t\t\t\t\t\t<\/a>\n\t\t\t\t\t\t\t\t\t\t\t<\/div>\n\t\t\t\t<\/div>\n\t\t\t\t<\/div>\n\t\t\t\t\t\t<\/div>\n\t\t\t\t\t<\/div>\n\t\t<\/div>\n\t\t\t\t\t\t\t\t<\/div>\n\t\t\t\t\t<\/div>\n\t\t<\/section>\n\t\t\t\t<section class=\"elementor-section elementor-top-section elementor-element elementor-element-1450c05 elementor-section-boxed elementor-section-height-default elementor-section-height-default\" data-id=\"1450c05\" data-element_type=\"section\">\n\t\t\t\t\t\t<div class=\"elementor-container elementor-column-gap-default\">\n\t\t\t\t\t\t\t<div class=\"elementor-row\">\n\t\t\t\t\t<div class=\"elementor-column elementor-col-33 elementor-top-column elementor-element elementor-element-b35d531\" data-id=\"b35d531\" data-element_type=\"column\">\n\t\t\t<div class=\"elementor-column-wrap elementor-element-populated\">\n\t\t\t\t\t\t\t<div class=\"elementor-widget-wrap\">\n\t\t\t\t\t\t<div class=\"elementor-element elementor-element-6a34a88 elementor-invisible elementor-widget elementor-widget-heading\" data-id=\"6a34a88\" data-element_type=\"widget\" data-settings=\"{&quot;_animation&quot;:&quot;fadeInDown&quot;}\" data-widget_type=\"heading.default\">\n\t\t\t\t<div class=\"elementor-widget-container\">\n\t\t\t<h2 class=\"elementor-heading-title elementor-size-default\"><a href=\"https:\/\/soyluhangruop.com\/?page_id=226\">\u0130\u015eYER\u0130 S\u0130GORTASI<\/a><\/h2>\t\t<\/div>\n\t\t\t\t<\/div>\n\t\t\t\t<div class=\"elementor-element elementor-element-94c32c6 elementor-widget elementor-widget-image\" data-id=\"94c32c6\" data-element_type=\"widget\" data-widget_type=\"image.default\">\n\t\t\t\t<div class=\"elementor-widget-container\">\n\t\t\t\t\t<div class=\"elementor-image\">\n\t\t\t\t\t\t\t\t\t\t\t<a href=\"https:\/\/soyluhangruop.com\/?page_id=226\">\n\t\t\t\t\t\t\t<img width=\"512\" height=\"324\" src=\"http:\/\/egekorfez.com.tr\/wp-content\/uploads\/2020\/12\/isyeri.jpg\" class=\"attachment-large size-large\" alt=\"\" loading=\"lazy\" srcset=\"http:\/\/egekorfez.com.tr\/wp-content\/uploads\/2020\/12\/isyeri.jpg 512w, http:\/\/egekorfez.com.tr\/wp-content\/uploads\/2020\/12\/isyeri-300x190.jpg 300w\" sizes=\"100vw\" \/>\t\t\t\t\t\t\t\t<\/a>\n\t\t\t\t\t\t\t\t\t\t\t<\/div>\n\t\t\t\t<\/div>\n\t\t\t\t<\/div>\n\t\t\t\t\t\t<\/div>\n\t\t\t\t\t<\/div>\n\t\t<\/div>\n\t\t\t\t<div class=\"elementor-column elementor-col-33 elementor-top-column elementor-element elementor-element-0ccf2e5\" data-id=\"0ccf2e5\" data-element_type=\"column\">\n\t\t\t<div class=\"elementor-column-wrap elementor-element-populated\">\n\t\t\t\t\t\t\t<div class=\"elementor-widget-wrap\">\n\t\t\t\t\t\t<div class=\"elementor-element elementor-element-83883c1 elementor-invisible elementor-widget elementor-widget-heading\" data-id=\"83883c1\" data-element_type=\"widget\" data-settings=\"{&quot;_animation&quot;:&quot;fadeInDown&quot;}\" data-widget_type=\"heading.default\">\n\t\t\t\t<div class=\"elementor-widget-container\">\n\t\t\t<h2 class=\"elementor-heading-title elementor-size-default\"><a href=\"https:\/\/soyluhangruop.com\/?page_id=213\">KONUT S\u0130GORTASI<\/a><\/h2>\t\t<\/div>\n\t\t\t\t<\/div>\n\t\t\t\t<div class=\"elementor-element elementor-element-c03588b elementor-widget elementor-widget-image\" data-id=\"c03588b\" data-element_type=\"widget\" data-widget_type=\"image.default\">\n\t\t\t\t<div class=\"elementor-widget-container\">\n\t\t\t\t\t<div class=\"elementor-image\">\n\t\t\t\t\t\t\t\t\t\t\t<a href=\"https:\/\/soyluhangruop.com\/?page_id=213\">\n\t\t\t\t\t\t\t<img width=\"525\" height=\"350\" src=\"http:\/\/egekorfez.com.tr\/wp-content\/uploads\/2020\/12\/konut.png\" class=\"attachment-large size-large\" alt=\"\" loading=\"lazy\" srcset=\"http:\/\/egekorfez.com.tr\/wp-content\/uploads\/2020\/12\/konut.png 750w, http:\/\/egekorfez.com.tr\/wp-content\/uploads\/2020\/12\/konut-300x200.png 300w\" sizes=\"100vw\" \/>\t\t\t\t\t\t\t\t<\/a>\n\t\t\t\t\t\t\t\t\t\t\t<\/div>\n\t\t\t\t<\/div>\n\t\t\t\t<\/div>\n\t\t\t\t\t\t<\/div>\n\t\t\t\t\t<\/div>\n\t\t<\/div>\n\t\t\t\t<div class=\"elementor-column elementor-col-33 elementor-top-column elementor-element elementor-element-47ef5f1\" data-id=\"47ef5f1\" data-element_type=\"column\">\n\t\t\t<div class=\"elementor-column-wrap elementor-element-populated\">\n\t\t\t\t\t\t\t<div class=\"elementor-widget-wrap\">\n\t\t\t\t\t\t<div class=\"elementor-element elementor-element-55c89f7 elementor-invisible elementor-widget elementor-widget-heading\" data-id=\"55c89f7\" data-element_type=\"widget\" data-settings=\"{&quot;_animation&quot;:&quot;fadeInDown&quot;}\" data-widget_type=\"heading.default\">\n\t\t\t\t<div class=\"elementor-widget-container\">\n\t\t\t<h2 class=\"elementor-heading-title elementor-size-default\"><a href=\"https:\/\/soyluhangruop.com\/?page_id=231\">KRED\u0130L\u0130 HAYAT S\u0130GORTASI<\/a><\/h2>\t\t<\/div>\n\t\t\t\t<\/div>\n\t\t\t\t<div class=\"elementor-element elementor-element-9a02303 elementor-widget elementor-widget-image\" data-id=\"9a02303\" data-element_type=\"widget\" data-widget_type=\"image.default\">\n\t\t\t\t<div class=\"elementor-widget-container\">\n\t\t\t\t\t<div class=\"elementor-image\">\n\t\t\t\t\t\t\t\t\t\t\t<a href=\"https:\/\/soyluhangruop.com\/?page_id=231\">\n\t\t\t\t\t\t\t<img width=\"525\" height=\"343\" src=\"http:\/\/egekorfez.com.tr\/wp-content\/uploads\/2020\/12\/kredili.jpg\" class=\"attachment-large size-large\" alt=\"\" loading=\"lazy\" srcset=\"http:\/\/egekorfez.com.tr\/wp-content\/uploads\/2020\/12\/kredili.jpg 750w, http:\/\/egekorfez.com.tr\/wp-content\/uploads\/2020\/12\/kredili-300x196.jpg 300w\" sizes=\"100vw\" \/>\t\t\t\t\t\t\t\t<\/a>\n\t\t\t\t\t\t\t\t\t\t\t<\/div>\n\t\t\t\t<\/div>\n\t\t\t\t<\/div>\n\t\t\t\t\t\t<\/div>\n\t\t\t\t\t<\/div>\n\t\t<\/div>\n\t\t\t\t\t\t\t\t<\/div>\n\t\t\t\t\t<\/div>\n\t\t<\/section>\n\t\t\t\t<section class=\"elementor-section elementor-top-section elementor-element elementor-element-9f6efb1 elementor-section-boxed elementor-section-height-default elementor-section-height-default\" data-id=\"9f6efb1\" data-element_type=\"section\">\n\t\t\t\t\t\t<div class=\"elementor-container elementor-column-gap-default\">\n\t\t\t\t\t\t\t<div class=\"elementor-row\">\n\t\t\t\t\t<div class=\"elementor-column elementor-col-33 elementor-top-column elementor-element elementor-element-004d497\" data-id=\"004d497\" data-element_type=\"column\">\n\t\t\t<div class=\"elementor-column-wrap elementor-element-populated\">\n\t\t\t\t\t\t\t<div class=\"elementor-widget-wrap\">\n\t\t\t\t\t\t<div class=\"elementor-element elementor-element-8e9f9e3 elementor-invisible elementor-widget elementor-widget-heading\" data-id=\"8e9f9e3\" data-element_type=\"widget\" data-settings=\"{&quot;_animation&quot;:&quot;fadeInDown&quot;}\" data-widget_type=\"heading.default\">\n\t\t\t\t<div class=\"elementor-widget-container\">\n\t\t\t<h2 class=\"elementor-heading-title elementor-size-default\"><a href=\"https:\/\/soyluhangruop.com\/?page_id=231\">TA\u015eIMACILIK S\u0130GORTASI<\/a><\/h2>\t\t<\/div>\n\t\t\t\t<\/div>\n\t\t\t\t<div class=\"elementor-element elementor-element-b20ace5 elementor-widget elementor-widget-image\" data-id=\"b20ace5\" data-element_type=\"widget\" data-widget_type=\"image.default\">\n\t\t\t\t<div class=\"elementor-widget-container\">\n\t\t\t\t\t<div class=\"elementor-image\">\n\t\t\t\t\t\t\t\t\t\t\t<a href=\"https:\/\/soyluhangruop.com\/?page_id=231\">\n\t\t\t\t\t\t\t<img width=\"512\" height=\"340\" src=\"http:\/\/egekorfez.com.tr\/wp-content\/uploads\/2020\/12\/nakliye.jpg\" class=\"attachment-large size-large\" alt=\"\" loading=\"lazy\" srcset=\"http:\/\/egekorfez.com.tr\/wp-content\/uploads\/2020\/12\/nakliye.jpg 512w, http:\/\/egekorfez.com.tr\/wp-content\/uploads\/2020\/12\/nakliye-300x199.jpg 300w\" sizes=\"100vw\" \/>\t\t\t\t\t\t\t\t<\/a>\n\t\t\t\t\t\t\t\t\t\t\t<\/div>\n\t\t\t\t<\/div>\n\t\t\t\t<\/div>\n\t\t\t\t\t\t<\/div>\n\t\t\t\t\t<\/div>\n\t\t<\/div>\n\t\t\t\t<div class=\"elementor-column elementor-col-33 elementor-top-column elementor-element elementor-element-0d48937\" data-id=\"0d48937\" data-element_type=\"column\">\n\t\t\t<div class=\"elementor-column-wrap elementor-element-populated\">\n\t\t\t\t\t\t\t<div class=\"elementor-widget-wrap\">\n\t\t\t\t\t\t<div class=\"elementor-element elementor-element-4444269 elementor-invisible elementor-widget elementor-widget-heading\" data-id=\"4444269\" data-element_type=\"widget\" data-settings=\"{&quot;_animation&quot;:&quot;fadeInDown&quot;}\" data-widget_type=\"heading.default\">\n\t\t\t\t<div class=\"elementor-widget-container\">\n\t\t\t<h2 class=\"elementor-heading-title elementor-size-medium\"><a href=\"https:\/\/soyluhangruop.com\/?page_id=246\">YABANCI UYRUKLU S\u0130GORTASI<\/a><\/h2>\t\t<\/div>\n\t\t\t\t<\/div>\n\t\t\t\t<div class=\"elementor-element elementor-element-eac145c elementor-widget elementor-widget-image\" data-id=\"eac145c\" data-element_type=\"widget\" data-widget_type=\"image.default\">\n\t\t\t\t<div class=\"elementor-widget-container\">\n\t\t\t\t\t<div class=\"elementor-image\">\n\t\t\t\t\t\t\t\t\t\t\t<a href=\"https:\/\/soyluhangruop.com\/?page_id=246\">\n\t\t\t\t\t\t\t<img width=\"525\" height=\"394\" src=\"http:\/\/egekorfez.com.tr\/wp-content\/uploads\/2020\/12\/yabanci-1-1024x768.jpg\" class=\"attachment-large size-large\" alt=\"\" loading=\"lazy\" srcset=\"http:\/\/egekorfez.com.tr\/wp-content\/uploads\/2020\/12\/yabanci-1-1024x768.jpg 1024w, http:\/\/egekorfez.com.tr\/wp-content\/uploads\/2020\/12\/yabanci-1-300x225.jpg 300w, http:\/\/egekorfez.com.tr\/wp-content\/uploads\/2020\/12\/yabanci-1-768x576.jpg 768w, http:\/\/egekorfez.com.tr\/wp-content\/uploads\/2020\/12\/yabanci-1.jpg 1200w\" sizes=\"100vw\" \/>\t\t\t\t\t\t\t\t<\/a>\n\t\t\t\t\t\t\t\t\t\t\t<\/div>\n\t\t\t\t<\/div>\n\t\t\t\t<\/div>\n\t\t\t\t\t\t<\/div>\n\t\t\t\t\t<\/div>\n\t\t<\/div>\n\t\t\t\t<div class=\"elementor-column elementor-col-33 elementor-top-column elementor-element elementor-element-643aa1c\" data-id=\"643aa1c\" data-element_type=\"column\">\n\t\t\t<div class=\"elementor-column-wrap\">\n\t\t\t\t\t\t\t<div class=\"elementor-widget-wrap\">\n\t\t\t\t\t\t\t\t<\/div>\n\t\t\t\t\t<\/div>\n\t\t<\/div>\n\t\t\t\t\t\t\t\t<\/div>\n\t\t\t\t\t<\/div>\n\t\t<\/section>\n\t\t\t\t\t\t<\/div>\n\t\t\t\t\t\t<\/div>\n\t\t\t\t\t<\/div>\n\t\t","protected":false},"excerpt":{"rendered":"<p>KASKO SA\u011eLIK S\u0130GORTASI TRAF\u0130K S\u0130GORTASI TAMAMLAYICI SA\u011eLIK S\u0130GORTASI DASK HAYAT EMEKL\u0130L\u0130K S\u0130GORTASI \u0130\u015eYER\u0130 S\u0130GORTASI KONUT S\u0130GORTASI KRED\u0130L\u0130 HAYAT S\u0130GORTASI TA\u015eIMACILIK S\u0130GORTASI YABANCI UYRUKLU S\u0130GORTASI<\/p>\n","protected":false},"author":1,"featured_media":0,"parent":0,"menu_order":0,"comment_status":"closed","ping_status":"open","template":"elementor_header_footer","meta":[],"_links":{"self":[{"href":"http:\/\/egekorfez.com.tr\/index.php?rest_route=\/wp\/v2\/pages\/2"}],"collection":[{"href":"http:\/\/egekorfez.com.tr\/index.php?rest_route=\/wp\/v2\/pages"}],"about":[{"href":"http:\/\/egekorfez.com.tr\/index.php?rest_route=\/wp\/v2\/types\/page"}],"author":[{"embeddable":true,"href":"http:\/\/egekorfez.com.tr\/index.php?rest_route=\/wp\/v2\/users\/1"}],"replies":[{"embeddable":true,"href":"http:\/\/egekorfez.com.tr\/index.php?rest_route=%2Fwp%2Fv2%2Fcomments&post=2"}],"version-history":[{"count":39,"href":"http:\/\/egekorfez.com.tr\/index.php?rest_route=\/wp\/v2\/pages\/2\/revisions"}],"predecessor-version":[{"id":369,"href":"http:\/\/egekorfez.com.tr\/index.php?rest_route=\/wp\/v2\/pages\/2\/revisions\/369"}],"wp:attachment":[{"href":"http:\/\/egekorfez.com.tr\/index.php?rest_route=%2Fwp%2Fv2%2Fmedia&parent=2"}],"curies":[{"name":"wp","href":"https:\/\/api.w.org\/{rel}","templated":true}]}}