{"id":159,"date":"2020-11-30T13:19:21","date_gmt":"2020-11-30T13:19:21","guid":{"rendered":"https:\/\/soyluhangruop.com\/?page_id=159"},"modified":"2020-12-10T15:37:21","modified_gmt":"2020-12-10T15:37:21","slug":"elementor-159","status":"publish","type":"page","link":"http:\/\/egekorfez.com.tr\/?page_id=159","title":{"rendered":"Kasko"},"content":{"rendered":"\t\t<div data-elementor-type=\"wp-page\" data-elementor-id=\"159\" class=\"elementor elementor-159\" data-elementor-settings=\"[]\">\n\t\t\t\t\t\t<div class=\"elementor-inner\">\n\t\t\t\t\t\t\t<div class=\"elementor-section-wrap\">\n\t\t\t\t\t\t\t<section class=\"elementor-section elementor-top-section elementor-element elementor-element-c8c0aea elementor-section-boxed elementor-section-height-default elementor-section-height-default\" data-id=\"c8c0aea\" data-element_type=\"section\">\n\t\t\t\t\t\t<div class=\"elementor-container elementor-column-gap-default\">\n\t\t\t\t\t\t\t<div class=\"elementor-row\">\n\t\t\t\t\t<div class=\"elementor-column elementor-col-50 elementor-top-column elementor-element elementor-element-2bac519\" data-id=\"2bac519\" data-element_type=\"column\">\n\t\t\t<div class=\"elementor-column-wrap elementor-element-populated\">\n\t\t\t\t\t\t\t<div class=\"elementor-widget-wrap\">\n\t\t\t\t\t\t<div class=\"elementor-element elementor-element-cae83b7 elementor-widget elementor-widget-spacer\" data-id=\"cae83b7\" data-element_type=\"widget\" data-widget_type=\"spacer.default\">\n\t\t\t\t<div class=\"elementor-widget-container\">\n\t\t\t\t\t<div class=\"elementor-spacer\">\n\t\t\t<div class=\"elementor-spacer-inner\"><\/div>\n\t\t<\/div>\n\t\t\t\t<\/div>\n\t\t\t\t<\/div>\n\t\t\t\t<div class=\"elementor-element elementor-element-9dc424f elementor-widget elementor-widget-text-editor\" data-id=\"9dc424f\" data-element_type=\"widget\" data-widget_type=\"text-editor.default\">\n\t\t\t\t<div class=\"elementor-widget-container\">\n\t\t\t\t\t<div class=\"elementor-text-editor elementor-clearfix\"><h3 class=\"desc no-margin-top no-margin-bottom\"><strong>KASKO S\u0130GORTASI NED\u0130R?<\/strong><\/h3><p>Kasko arac\u0131n\u0131z\u0131 kaza, yanma, \u00e7al\u0131nmaya te\u015febb\u00fcs edilme, \u00e7al\u0131nma vb. durumlarda olu\u015fabilecek zararlar\u0131 g\u00fcvence alt\u0131na alan bir t\u00fcr sigortad\u0131r. Kasko yapt\u0131rarak, arac\u0131n\u0131zda olu\u015fabilecek hasarlar\u0131n maliyetlerini kasko yapt\u0131r\u0131lan sigorta \u015firketine devretmi\u015f olursunuz. Kasko Sigortas\u0131; arac\u0131, a\u015fa\u011f\u0131da yaz\u0131l\u0131 tehlikelerin biri veya birka\u00e7\u0131na kar\u015f\u0131 teminat alt\u0131na al\u0131r. Poli\u00e7ede belirtilmeleri ko\u015fuluyla, arac\u0131n standard\u0131n\u0131n d\u0131\u015f\u0131nda yer alan her t\u00fcrl\u00fc aksesuar ve ses, ileti\u015fim, g\u00f6r\u00fcnt\u00fc cihazlar\u0131 da sigorta kapsam\u0131 i\u00e7indedir.<\/p><ul class=\"flat-list style1\"><li>Arac\u0131n karayolunda kullan\u0131labilen motorlu, motorsuz ta\u015f\u0131tlarla m\u00fcsademesi<\/li><li>\u00dc\u00e7\u00fcnc\u00fc ki\u015filerin k\u00f6t\u00fc niyet veya muziplikle yapt\u0131klar\u0131 hareketler<\/li><\/ul><ul><li>Arac\u0131n yanmas\u0131<\/li><\/ul><ul class=\"flat-list style1\"><li>Arac\u0131n \u00e7al\u0131nmas\u0131 veya \u00e7al\u0131nmaya te\u015febb\u00fcs edilmesi<\/li><li>Araca sabit veya hareketli bir cismin \u00e7arpmas\u0131 veya arac\u0131n b\u00f6yle bir cisme \u00e7arpmas\u0131<\/li><\/ul><\/div>\n\t\t\t\t<\/div>\n\t\t\t\t<\/div>\n\t\t\t\t\t\t<\/div>\n\t\t\t\t\t<\/div>\n\t\t<\/div>\n\t\t\t\t<div class=\"elementor-column elementor-col-50 elementor-top-column elementor-element elementor-element-fdcb157\" data-id=\"fdcb157\" data-element_type=\"column\">\n\t\t\t<div class=\"elementor-column-wrap elementor-element-populated\">\n\t\t\t\t\t\t\t<div class=\"elementor-widget-wrap\">\n\t\t\t\t\t\t<div class=\"elementor-element elementor-element-44c6a6d elementor-widget elementor-widget-spacer\" data-id=\"44c6a6d\" data-element_type=\"widget\" data-widget_type=\"spacer.default\">\n\t\t\t\t<div class=\"elementor-widget-container\">\n\t\t\t\t\t<div class=\"elementor-spacer\">\n\t\t\t<div class=\"elementor-spacer-inner\"><\/div>\n\t\t<\/div>\n\t\t\t\t<\/div>\n\t\t\t\t<\/div>\n\t\t\t\t<div class=\"elementor-element elementor-element-3d9416b elementor-widget elementor-widget-heading\" data-id=\"3d9416b\" data-element_type=\"widget\" data-widget_type=\"heading.default\">\n\t\t\t\t<div class=\"elementor-widget-container\">\n\t\t\t<h2 class=\"elementor-heading-title elementor-size-default\">Kasko Teklif Formu<\/h2>\t\t<\/div>\n\t\t\t\t<\/div>\n\t\t\t\t<div class=\"elementor-element elementor-element-59c4563 elementor-button-align-stretch elementor-widget elementor-widget-form\" data-id=\"59c4563\" data-element_type=\"widget\" data-settings=\"{&quot;step_next_label&quot;:&quot;Next&quot;,&quot;step_previous_label&quot;:&quot;Previous&quot;,&quot;button_width&quot;:&quot;100&quot;,&quot;step_type&quot;:&quot;number_text&quot;,&quot;step_icon_shape&quot;:&quot;circle&quot;}\" data-widget_type=\"form.default\">\n\t\t\t\t<div class=\"elementor-widget-container\">\n\t\t\t\t\t<form class=\"elementor-form\" method=\"post\" name=\"Kasko Teklif Formu\">\n\t\t\t<input type=\"hidden\" name=\"post_id\" value=\"159\"\/>\n\t\t\t<input type=\"hidden\" name=\"form_id\" value=\"59c4563\"\/>\n\n\t\t\t\n\t\t\t<div class=\"elementor-form-fields-wrapper elementor-labels-above\">\n\t\t\t\t\t\t\t\t<div class=\"elementor-field-type-text elementor-field-group elementor-column elementor-field-group-name elementor-col-100 elementor-field-required elementor-mark-required\">\n\t\t\t\t\t<label for=\"form-field-name\" class=\"elementor-field-label\">\u0130sim Soyisim<\/label><input size=\"1\" type=\"text\" name=\"form_fields[name]\" id=\"form-field-name\" class=\"elementor-field elementor-size-sm  elementor-field-textual\" placeholder=\"\u0130sim Soyisim\" required=\"required\" aria-required=\"true\">\t\t\t\t<\/div>\n\t\t\t\t\t\t\t\t<div class=\"elementor-field-type-email elementor-field-group elementor-column elementor-field-group-email elementor-col-100 elementor-field-required elementor-mark-required\">\n\t\t\t\t\t<label for=\"form-field-email\" class=\"elementor-field-label\">E-Posta<\/label><input size=\"1\" type=\"email\" name=\"form_fields[email]\" id=\"form-field-email\" class=\"elementor-field elementor-size-sm  elementor-field-textual\" placeholder=\"E-Posta\" required=\"required\" aria-required=\"true\">\t\t\t\t<\/div>\n\t\t\t\t\t\t\t\t<div class=\"elementor-field-type-tel elementor-field-group elementor-column elementor-field-group-field_0652a34 elementor-col-100 elementor-field-required elementor-mark-required\">\n\t\t\t\t\t<label for=\"form-field-field_0652a34\" class=\"elementor-field-label\">Cep Telefonu<\/label><input size=\"1\" type=\"tel\" name=\"form_fields[field_0652a34]\" id=\"form-field-field_0652a34\" class=\"elementor-field elementor-size-sm  elementor-field-textual\" placeholder=\"Cep Telefonu\" required=\"required\" aria-required=\"true\" pattern=\"[0-9()#&amp;+*-=.]+\" title=\"Only numbers and phone characters (#, -, *, etc) are accepted.\">\t\t\t\t<\/div>\n\t\t\t\t\t\t\t\t<div class=\"elementor-field-type-number elementor-field-group elementor-column elementor-field-group-message elementor-col-100 elementor-field-required elementor-mark-required\">\n\t\t\t\t\t<label for=\"form-field-message\" class=\"elementor-field-label\">T.C Kimlik Numaras\u0131<\/label><input type=\"number\" name=\"form_fields[message]\" id=\"form-field-message\" class=\"elementor-field elementor-size-sm  elementor-field-textual\" placeholder=\"T.C Kimlik Numaras\u0131\" required=\"required\" aria-required=\"true\" min=\"\" max=\"\">\t\t\t\t<\/div>\n\t\t\t\t\t\t\t\t<div class=\"elementor-field-type-text elementor-field-group elementor-column elementor-field-group-field_1468c70 elementor-col-100 elementor-field-required elementor-mark-required\">\n\t\t\t\t\t<label for=\"form-field-field_1468c70\" class=\"elementor-field-label\">Plaka<\/label><input size=\"1\" type=\"text\" name=\"form_fields[field_1468c70]\" id=\"form-field-field_1468c70\" class=\"elementor-field elementor-size-sm  elementor-field-textual\" placeholder=\"Plaka\" required=\"required\" aria-required=\"true\">\t\t\t\t<\/div>\n\t\t\t\t\t\t\t\t<div class=\"elementor-field-type-text elementor-field-group elementor-column elementor-field-group-field_e298f68 elementor-col-100 elementor-field-required elementor-mark-required\">\n\t\t\t\t\t<label for=\"form-field-field_e298f68\" class=\"elementor-field-label\">Belge Seri No<\/label><input size=\"1\" type=\"text\" name=\"form_fields[field_e298f68]\" id=\"form-field-field_e298f68\" class=\"elementor-field elementor-size-sm  elementor-field-textual\" placeholder=\"Belge Seri No\" required=\"required\" aria-required=\"true\">\t\t\t\t<\/div>\n\t\t\t\t\t\t\t\t<div class=\"elementor-field-group elementor-column elementor-field-type-submit elementor-col-100 e-form__buttons\">\n\t\t\t\t\t<button type=\"submit\" class=\"elementor-button elementor-size-sm\">\n\t\t\t\t\t\t<span >\n\t\t\t\t\t\t\t\t\t\t\t\t\t\t\t<span class=\" elementor-button-icon\">\n\t\t\t\t\t\t\t\t\t\t\t\t\t\t\t\t\t\t\t\t\t\t\t\t\t\t<\/span>\n\t\t\t\t\t\t\t\t\t\t\t\t\t\t\t\t\t\t\t\t\t\t<span class=\"elementor-button-text\">\u00dccretsiz Teklif Al<\/span>\n\t\t\t\t\t\t\t\t\t\t\t\t\t<\/span>\n\t\t\t\t\t<\/button>\n\t\t\t\t<\/div>\n\t\t\t<\/div>\n\t\t<\/form>\n\t\t\t\t<\/div>\n\t\t\t\t<\/div>\n\t\t\t\t\t\t<\/div>\n\t\t\t\t\t<\/div>\n\t\t<\/div>\n\t\t\t\t\t\t\t\t<\/div>\n\t\t\t\t\t<\/div>\n\t\t<\/section>\n\t\t\t\t<section class=\"elementor-section elementor-top-section elementor-element elementor-element-67d741e elementor-section-boxed elementor-section-height-default elementor-section-height-default\" data-id=\"67d741e\" data-element_type=\"section\">\n\t\t\t\t\t\t<div class=\"elementor-container elementor-column-gap-default\">\n\t\t\t\t\t\t\t<div class=\"elementor-row\">\n\t\t\t\t\t<div class=\"elementor-column elementor-col-100 elementor-top-column elementor-element elementor-element-a2f9693\" data-id=\"a2f9693\" data-element_type=\"column\">\n\t\t\t<div class=\"elementor-column-wrap elementor-element-populated\">\n\t\t\t\t\t\t\t<div class=\"elementor-widget-wrap\">\n\t\t\t\t\t\t<div class=\"elementor-element elementor-element-c596420 elementor-widget elementor-widget-image\" data-id=\"c596420\" data-element_type=\"widget\" data-widget_type=\"image.default\">\n\t\t\t\t<div class=\"elementor-widget-container\">\n\t\t\t\t\t<div class=\"elementor-image\">\n\t\t\t\t\t\t\t\t\t\t<img width=\"525\" height=\"352\" src=\"http:\/\/egekorfez.com.tr\/wp-content\/uploads\/2020\/12\/belge-seri-no.jpg\" class=\"attachment-medium_large size-medium_large\" alt=\"\" loading=\"lazy\" srcset=\"http:\/\/egekorfez.com.tr\/wp-content\/uploads\/2020\/12\/belge-seri-no.jpg 569w, http:\/\/egekorfez.com.tr\/wp-content\/uploads\/2020\/12\/belge-seri-no-300x201.jpg 300w\" sizes=\"100vw\" \/>\t\t\t\t\t\t\t\t\t\t\t<\/div>\n\t\t\t\t<\/div>\n\t\t\t\t<\/div>\n\t\t\t\t\t\t<\/div>\n\t\t\t\t\t<\/div>\n\t\t<\/div>\n\t\t\t\t\t\t\t\t<\/div>\n\t\t\t\t\t<\/div>\n\t\t<\/section>\n\t\t\t\t\t\t<\/div>\n\t\t\t\t\t\t<\/div>\n\t\t\t\t\t<\/div>\n\t\t","protected":false},"excerpt":{"rendered":"<p>KASKO S\u0130GORTASI NED\u0130R? Kasko arac\u0131n\u0131z\u0131 kaza, yanma, \u00e7al\u0131nmaya te\u015febb\u00fcs edilme, \u00e7al\u0131nma vb. durumlarda olu\u015fabilecek zararlar\u0131 g\u00fcvence alt\u0131na alan bir t\u00fcr sigortad\u0131r. Kasko yapt\u0131rarak, arac\u0131n\u0131zda olu\u015fabilecek hasarlar\u0131n maliyetlerini kasko yapt\u0131r\u0131lan sigorta \u015firketine devretmi\u015f olursunuz. Kasko Sigortas\u0131; arac\u0131, a\u015fa\u011f\u0131da yaz\u0131l\u0131 tehlikelerin biri veya birka\u00e7\u0131na kar\u015f\u0131 teminat alt\u0131na al\u0131r. Poli\u00e7ede belirtilmeleri ko\u015fuluyla, arac\u0131n standard\u0131n\u0131n d\u0131\u015f\u0131nda yer alan her &hellip; <\/p>\n<p class=\"link-more\"><a href=\"http:\/\/egekorfez.com.tr\/?page_id=159\" class=\"more-link\">Continue reading<span class=\"screen-reader-text\"> &#8220;Kasko&#8221;<\/span><\/a><\/p>\n","protected":false},"author":1,"featured_media":0,"parent":0,"menu_order":0,"comment_status":"closed","ping_status":"closed","template":"elementor_header_footer","meta":[],"_links":{"self":[{"href":"http:\/\/egekorfez.com.tr\/index.php?rest_route=\/wp\/v2\/pages\/159"}],"collection":[{"href":"http:\/\/egekorfez.com.tr\/index.php?rest_route=\/wp\/v2\/pages"}],"about":[{"href":"http:\/\/egekorfez.com.tr\/index.php?rest_route=\/wp\/v2\/types\/page"}],"author":[{"embeddable":true,"href":"http:\/\/egekorfez.com.tr\/index.php?rest_route=\/wp\/v2\/users\/1"}],"replies":[{"embeddable":true,"href":"http:\/\/egekorfez.com.tr\/index.php?rest_route=%2Fwp%2Fv2%2Fcomments&post=159"}],"version-history":[{"count":40,"href":"http:\/\/egekorfez.com.tr\/index.php?rest_route=\/wp\/v2\/pages\/159\/revisions"}],"predecessor-version":[{"id":464,"href":"http:\/\/egekorfez.com.tr\/index.php?rest_route=\/wp\/v2\/pages\/159\/revisions\/464"}],"wp:attachment":[{"href":"http:\/\/egekorfez.com.tr\/index.php?rest_route=%2Fwp%2Fv2%2Fmedia&parent=159"}],"curies":[{"name":"wp","href":"https:\/\/api.w.org\/{rel}","templated":true}]}}