{"id":14,"date":"2020-11-27T19:38:10","date_gmt":"2020-11-27T19:38:10","guid":{"rendered":"https:\/\/soyluhangruop.com\/?page_id=14"},"modified":"2021-07-24T22:37:15","modified_gmt":"2021-07-24T22:37:15","slug":"about","status":"publish","type":"page","link":"http:\/\/egekorfez.com.tr\/?page_id=14","title":{"rendered":"Hakk\u0131m\u0131zda"},"content":{"rendered":"\n<p>Ege K\u00f6rfez Sigorta \u00e7ok say\u0131daki sigorta \u015firketi ile i\u015fbirli\u011fi i\u00e7erisinde sigorta ihtiya\u00e7lar\u0131n\u0131z\u0131 kar\u015f\u0131lar<\/p>\n","protected":false},"excerpt":{"rendered":"<p>Ege K\u00f6rfez Sigorta \u00e7ok say\u0131daki sigorta \u015firketi ile i\u015fbirli\u011fi i\u00e7erisinde sigorta ihtiya\u00e7lar\u0131n\u0131z\u0131 kar\u015f\u0131lar<\/p>\n","protected":false},"author":1,"featured_media":11,"parent":0,"menu_order":0,"comment_status":"closed","ping_status":"closed","template":"","meta":[],"_links":{"self":[{"href":"http:\/\/egekorfez.com.tr\/index.php?rest_route=\/wp\/v2\/pages\/14"}],"collection":[{"href":"http:\/\/egekorfez.com.tr\/index.php?rest_route=\/wp\/v2\/pages"}],"about":[{"href":"http:\/\/egekorfez.com.tr\/index.php?rest_route=\/wp\/v2\/types\/page"}],"author":[{"embeddable":true,"href":"http:\/\/egekorfez.com.tr\/index.php?rest_route=\/wp\/v2\/users\/1"}],"replies":[{"embeddable":true,"href":"http:\/\/egekorfez.com.tr\/index.php?rest_route=%2Fwp%2Fv2%2Fcomments&post=14"}],"version-history":[{"count":3,"href":"http:\/\/egekorfez.com.tr\/index.php?rest_route=\/wp\/v2\/pages\/14\/revisions"}],"predecessor-version":[{"id":478,"href":"http:\/\/egekorfez.com.tr\/index.php?rest_route=\/wp\/v2\/pages\/14\/revisions\/478"}],"wp:featuredmedia":[{"embeddable":true,"href":"http:\/\/egekorfez.com.tr\/index.php?rest_route=\/wp\/v2\/media\/11"}],"wp:attachment":[{"href":"http:\/\/egekorfez.com.tr\/index.php?rest_route=%2Fwp%2Fv2%2Fmedia&parent=14"}],"curies":[{"name":"wp","href":"https:\/\/api.w.org\/{rel}","templated":true}]}}